{"id":9,"date":"2021-05-16T15:26:19","date_gmt":"2021-05-16T13:26:19","guid":{"rendered":"http:\/\/livredition.com\/?page_id=9"},"modified":"2025-06-07T15:12:35","modified_gmt":"2025-06-07T13:12:35","slug":"a-propos-de","status":"publish","type":"page","link":"https:\/\/livredition.com\/index.php\/a-propos-de\/","title":{"rendered":"\u00c0 propos de"},"content":{"rendered":"\t\t<div data-elementor-type=\"wp-page\" data-elementor-id=\"9\" class=\"elementor elementor-9\">\n\t\t\t\t\t\t\t\t\t<section class=\"elementor-section elementor-top-section elementor-element elementor-element-27e58f1 elementor-section-boxed elementor-section-height-default elementor-section-height-default\" data-id=\"27e58f1\" data-element_type=\"section\">\n\t\t\t\t\t\t<div class=\"elementor-container elementor-column-gap-default\">\n\t\t\t\t\t<div class=\"elementor-column elementor-col-50 elementor-top-column elementor-element elementor-element-84401f3\" data-id=\"84401f3\" data-element_type=\"column\">\n\t\t\t<div class=\"elementor-widget-wrap elementor-element-populated\">\n\t\t\t\t\t\t\t\t<div class=\"elementor-element elementor-element-786abf7 elementor-widget elementor-widget-image\" data-id=\"786abf7\" data-element_type=\"widget\" data-widget_type=\"image.default\">\n\t\t\t\t<div class=\"elementor-widget-container\">\n\t\t\t<style>\/*! elementor - v3.12.1 - 02-04-2023 *\/\n.elementor-widget-image{text-align:center}.elementor-widget-image a{display:inline-block}.elementor-widget-image a img[src$=\".svg\"]{width:48px}.elementor-widget-image img{vertical-align:middle;display:inline-block}<\/style>\t\t\t\t\t\t\t\t\t\t\t\t<img loading=\"lazy\" decoding=\"async\" width=\"1024\" height=\"683\" src=\"https:\/\/livredition.com\/wp-content\/uploads\/2021\/05\/autoportrait-anne-eliayan-1024x683.jpg\" class=\"attachment-large size-large wp-image-45\" alt=\"\" srcset=\"https:\/\/livredition.com\/wp-content\/uploads\/2021\/05\/autoportrait-anne-eliayan-1024x683.jpg 1024w, https:\/\/livredition.com\/wp-content\/uploads\/2021\/05\/autoportrait-anne-eliayan-600x400.jpg 600w, https:\/\/livredition.com\/wp-content\/uploads\/2021\/05\/autoportrait-anne-eliayan-300x200.jpg 300w, https:\/\/livredition.com\/wp-content\/uploads\/2021\/05\/autoportrait-anne-eliayan-768x512.jpg 768w, https:\/\/livredition.com\/wp-content\/uploads\/2021\/05\/autoportrait-anne-eliayan-1536x1025.jpg 1536w, https:\/\/livredition.com\/wp-content\/uploads\/2021\/05\/autoportrait-anne-eliayan.jpg 2000w\" sizes=\"auto, (max-width: 1024px) 100vw, 1024px\" \/>\t\t\t\t\t\t\t\t\t\t\t\t\t\t\t<\/div>\n\t\t\t\t<\/div>\n\t\t\t\t\t<\/div>\n\t\t<\/div>\n\t\t\t\t<div class=\"elementor-column elementor-col-50 elementor-top-column elementor-element elementor-element-eeaef6e\" data-id=\"eeaef6e\" data-element_type=\"column\">\n\t\t\t<div class=\"elementor-widget-wrap elementor-element-populated\">\n\t\t\t\t\t\t\t\t<div class=\"elementor-element elementor-element-a48c7fd elementor-widget elementor-widget-image\" data-id=\"a48c7fd\" data-element_type=\"widget\" data-widget_type=\"image.default\">\n\t\t\t\t<div class=\"elementor-widget-container\">\n\t\t\t\t\t\t\t\t\t\t\t\t\t\t\t<img loading=\"lazy\" decoding=\"async\" width=\"300\" height=\"300\" src=\"https:\/\/livredition.com\/wp-content\/uploads\/2021\/05\/PART_1607382524542-300x300.jpg\" class=\"attachment-medium size-medium wp-image-44\" alt=\"\" srcset=\"https:\/\/livredition.com\/wp-content\/uploads\/2021\/05\/PART_1607382524542-300x300.jpg 300w, https:\/\/livredition.com\/wp-content\/uploads\/2021\/05\/PART_1607382524542-540x540.jpg 540w, https:\/\/livredition.com\/wp-content\/uploads\/2021\/05\/PART_1607382524542-100x100.jpg 100w, https:\/\/livredition.com\/wp-content\/uploads\/2021\/05\/PART_1607382524542-600x600.jpg 600w, https:\/\/livredition.com\/wp-content\/uploads\/2021\/05\/PART_1607382524542-150x150.jpg 150w, https:\/\/livredition.com\/wp-content\/uploads\/2021\/05\/PART_1607382524542-768x768.jpg 768w, https:\/\/livredition.com\/wp-content\/uploads\/2021\/05\/PART_1607382524542.jpg 774w\" sizes=\"auto, (max-width: 300px) 100vw, 300px\" \/>\t\t\t\t\t\t\t\t\t\t\t\t\t\t\t<\/div>\n\t\t\t\t<\/div>\n\t\t\t\t\t<\/div>\n\t\t<\/div>\n\t\t\t\t\t\t\t<\/div>\n\t\t<\/section>\n\t\t\t\t<section class=\"elementor-section elementor-top-section elementor-element elementor-element-2b038c9d elementor-section-boxed elementor-section-height-default elementor-section-height-default\" data-id=\"2b038c9d\" data-element_type=\"section\">\n\t\t\t\t\t\t<div class=\"elementor-container elementor-column-gap-default\">\n\t\t\t\t\t<div class=\"elementor-column elementor-col-100 elementor-top-column elementor-element elementor-element-7a4d4ed3\" data-id=\"7a4d4ed3\" data-element_type=\"column\">\n\t\t\t<div class=\"elementor-widget-wrap elementor-element-populated\">\n\t\t\t\t\t\t\t\t<div class=\"elementor-element elementor-element-5fa725af elementor-widget elementor-widget-text-editor\" data-id=\"5fa725af\" data-element_type=\"widget\" data-widget_type=\"text-editor.default\">\n\t\t\t\t<div class=\"elementor-widget-container\">\n\t\t\t<style>\/*! elementor - v3.12.1 - 02-04-2023 *\/\n.elementor-widget-text-editor.elementor-drop-cap-view-stacked .elementor-drop-cap{background-color:#69727d;color:#fff}.elementor-widget-text-editor.elementor-drop-cap-view-framed .elementor-drop-cap{color:#69727d;border:3px solid;background-color:transparent}.elementor-widget-text-editor:not(.elementor-drop-cap-view-default) .elementor-drop-cap{margin-top:8px}.elementor-widget-text-editor:not(.elementor-drop-cap-view-default) .elementor-drop-cap-letter{width:1em;height:1em}.elementor-widget-text-editor .elementor-drop-cap{float:left;text-align:center;line-height:1;font-size:50px}.elementor-widget-text-editor .elementor-drop-cap-letter{display:inline-block}<\/style>\t\t\t\t<p>ANNE ELIAYAN &amp; CHRISTIAN PIC<\/p>\n<p><!-- \/wp:paragraph --><\/p>\n<p><!-- wp:paragraph --><\/p>\n<p>Artistes \u00c9diteurs<\/p>\n<p><!-- \/wp:paragraph --><\/p>\n<p><!-- wp:paragraph --><\/p>\n<p style=\"margin: 0cm; margin-bottom: .0001pt; text-align: justify;\"><span style=\"font-size: 11.0pt;\">Christian Pic, plasticien, a publi\u00e9 \u00e0 compte d\u2019auteur depuis pr\u00e8s de dix ans de nombreux ouvrages, principalement des textes po\u00e9tiques et des nouvelles. Avec Anne Eliayan, plasticienne, ils fondent en 2014 la marque ARLESGALLERY.\u00a0<\/span><\/p>\n<p style=\"margin: 0cm; margin-bottom: .0001pt; text-align: justify;\"><span style=\"font-size: 11.0pt;\">\u00a0<\/span><\/p>\n<p style=\"margin: 0cm; margin-bottom: .0001pt; text-align: justify;\"><span style=\"font-size: 11.0pt;\">En 2018, ils cr\u00e9ent la maison d\u2019\u00e9dition VIVRE LIVRE VIVRE LIBRE dont la ligne \u00e9ditoriale est : textes et images. Leurs livres d\u00e9fendent la po\u00e9sie ou encore des r\u00e9flexions sur l\u2019art pour adultes et jeunesse.<\/span><\/p>\n<p style=\"margin: 0cm; margin-bottom: .0001pt; text-align: justify;\"><span style=\"font-size: 11.0pt;\">\u00a0<\/span><\/p>\n<p style=\"margin: 0cm; margin-bottom: .0001pt; text-align: justify;\"><span style=\"font-size: 11.0pt;\">VIVRE LIVRE VIVRE LIBRE est une aventure humaine \u00e0 partager. Si vous aimez les mots, si vous aimez les images, vous \u00eates au bon endroit.<\/span><\/p>\n<p style=\"margin: 0cm; margin-bottom: .0001pt; text-align: justify;\"><span style=\"font-size: 11.0pt;\">\u00a0<\/span><\/p>\n<p style=\"margin: 0cm; margin-bottom: .0001pt; text-align: justify;\"><span style=\"font-size: 11.0pt;\">Vous pouvez aussi vous rendre \u00e0 Arles Gallery, au n\u00b0 8 rue de la Libert\u00e9 \u00e0 Arles. Les deux artistes vous proposent leurs travaux \u00e0 travers plusieurs expositions sur des th\u00e9matiques \u00e9cologiques ou soci\u00e9tales. <\/span><\/p>\n<p style=\"text-align: justify;\">Ils sont \u00e9galement expos\u00e9s dans plusieurs galeries, en France principalement mais aussi en Italie et en Allemagne. Leurs images ont d\u00e9j\u00e0 \u00e9t\u00e9 utilis\u00e9es pour des couvertures de livres, notamment par les \u00e9ditions suisses Plaisir de Lire<\/p>\n<p><!-- \/wp:paragraph --><\/p>\n<p><!-- wp:image {\"id\":45,\"sizeSlug\":\"large\"} --><\/p>\n<figure><\/figure>\n<p><!-- \/wp:image --><\/p>\n<p><!-- wp:image {\"id\":44,\"sizeSlug\":\"large\"} --><\/p>\n<figure><\/figure>\n<p><!-- \/wp:image --><\/p>\t\t\t\t\t\t<\/div>\n\t\t\t\t<\/div>\n\t\t\t\t\t<\/div>\n\t\t<\/div>\n\t\t\t\t\t\t\t<\/div>\n\t\t<\/section>\n\t\t\t\t<section class=\"elementor-section elementor-top-section elementor-element elementor-element-3762a41 elementor-section-boxed elementor-section-height-default elementor-section-height-default\" data-id=\"3762a41\" data-element_type=\"section\">\n\t\t\t\t\t\t<div class=\"elementor-container elementor-column-gap-default\">\n\t\t\t\t\t<div class=\"elementor-column elementor-col-100 elementor-top-column elementor-element elementor-element-4b66c0a\" data-id=\"4b66c0a\" data-element_type=\"column\">\n\t\t\t<div class=\"elementor-widget-wrap elementor-element-populated\">\n\t\t\t\t\t\t\t\t<div class=\"elementor-element elementor-element-f626db5 elementor-widget elementor-widget-text-editor\" data-id=\"f626db5\" data-element_type=\"widget\" data-widget_type=\"text-editor.default\">\n\t\t\t\t<div class=\"elementor-widget-container\">\n\t\t\t\t\t\t\t<p>Anne Eliayan et Christian Pic copyright 2025 reproduction interdite<\/p>\t\t\t\t\t\t<\/div>\n\t\t\t\t<\/div>\n\t\t\t\t\t<\/div>\n\t\t<\/div>\n\t\t\t\t\t\t\t<\/div>\n\t\t<\/section>\n\t\t\t\t\t\t\t<\/div>\n\t\t","protected":false},"excerpt":{"rendered":"<p>ANNE ELIAYAN &amp; CHRISTIAN PIC Artistes \u00c9diteurs Christian Pic, plasticien, a publi\u00e9 \u00e0 compte d\u2019auteur depuis pr\u00e8s de dix ans de nombreux ouvrages, principalement des textes po\u00e9tiques et des nouvelles. Avec Anne Eliayan, plasticienne, ils fondent en 2014 la marque ARLESGALLERY.\u00a0 \u00a0 En 2018, ils cr\u00e9ent la maison d\u2019\u00e9dition VIVRE LIVRE VIVRE LIBRE dont la&#8230;<\/p>\n","protected":false},"author":1,"featured_media":47,"parent":0,"menu_order":0,"comment_status":"closed","ping_status":"closed","template":"","meta":{"footnotes":""},"class_list":["post-9","page","type-page","status-publish","has-post-thumbnail","hentry"],"_links":{"self":[{"href":"https:\/\/livredition.com\/index.php\/wp-json\/wp\/v2\/pages\/9","targetHints":{"allow":["GET"]}}],"collection":[{"href":"https:\/\/livredition.com\/index.php\/wp-json\/wp\/v2\/pages"}],"about":[{"href":"https:\/\/livredition.com\/index.php\/wp-json\/wp\/v2\/types\/page"}],"author":[{"embeddable":true,"href":"https:\/\/livredition.com\/index.php\/wp-json\/wp\/v2\/users\/1"}],"replies":[{"embeddable":true,"href":"https:\/\/livredition.com\/index.php\/wp-json\/wp\/v2\/comments?post=9"}],"version-history":[{"count":19,"href":"https:\/\/livredition.com\/index.php\/wp-json\/wp\/v2\/pages\/9\/revisions"}],"predecessor-version":[{"id":1561,"href":"https:\/\/livredition.com\/index.php\/wp-json\/wp\/v2\/pages\/9\/revisions\/1561"}],"wp:featuredmedia":[{"embeddable":true,"href":"https:\/\/livredition.com\/index.php\/wp-json\/wp\/v2\/media\/47"}],"wp:attachment":[{"href":"https:\/\/livredition.com\/index.php\/wp-json\/wp\/v2\/media?parent=9"}],"curies":[{"name":"wp","href":"https:\/\/api.w.org\/{rel}","templated":true}]}}