{"id":381,"date":"2021-10-19T17:55:20","date_gmt":"2021-10-19T15:55:20","guid":{"rendered":"https:\/\/livredition.com\/?page_id=381"},"modified":"2021-10-29T21:46:36","modified_gmt":"2021-10-29T19:46:36","slug":"ces-petits-bouts-de-nous","status":"publish","type":"page","link":"https:\/\/livredition.com\/index.php\/poesie\/ces-petits-bouts-de-nous\/","title":{"rendered":"Ces petits bouts de nous"},"content":{"rendered":"\t\t<div data-elementor-type=\"wp-page\" data-elementor-id=\"381\" class=\"elementor elementor-381\">\n\t\t\t\t\t\t\t\t\t<section class=\"elementor-section elementor-top-section elementor-element elementor-element-f1880d7 elementor-section-boxed elementor-section-height-default elementor-section-height-default\" data-id=\"f1880d7\" data-element_type=\"section\">\n\t\t\t\t\t\t<div class=\"elementor-container elementor-column-gap-default\">\n\t\t\t\t\t<div class=\"elementor-column elementor-col-100 elementor-top-column elementor-element elementor-element-b4a6c42\" data-id=\"b4a6c42\" data-element_type=\"column\">\n\t\t\t<div class=\"elementor-widget-wrap elementor-element-populated\">\n\t\t\t\t\t\t\t\t<div class=\"elementor-element elementor-element-231d300 elementor-widget elementor-widget-text-editor\" data-id=\"231d300\" data-element_type=\"widget\" data-widget_type=\"text-editor.default\">\n\t\t\t\t<div class=\"elementor-widget-container\">\n\t\t\t<style>\/*! elementor - v3.12.1 - 02-04-2023 *\/\n.elementor-widget-text-editor.elementor-drop-cap-view-stacked .elementor-drop-cap{background-color:#69727d;color:#fff}.elementor-widget-text-editor.elementor-drop-cap-view-framed .elementor-drop-cap{color:#69727d;border:3px solid;background-color:transparent}.elementor-widget-text-editor:not(.elementor-drop-cap-view-default) .elementor-drop-cap{margin-top:8px}.elementor-widget-text-editor:not(.elementor-drop-cap-view-default) .elementor-drop-cap-letter{width:1em;height:1em}.elementor-widget-text-editor .elementor-drop-cap{float:left;text-align:center;line-height:1;font-size:50px}.elementor-widget-text-editor .elementor-drop-cap-letter{display:inline-block}<\/style>\t\t\t\t<marquee>Nouvelle \u00e9dition 2021<\/marquee>\t\t\t\t\t\t<\/div>\n\t\t\t\t<\/div>\n\t\t\t\t\t<\/div>\n\t\t<\/div>\n\t\t\t\t\t\t\t<\/div>\n\t\t<\/section>\n\t\t\t\t<section class=\"elementor-section elementor-top-section elementor-element elementor-element-333754a elementor-section-boxed elementor-section-height-default elementor-section-height-default\" data-id=\"333754a\" data-element_type=\"section\">\n\t\t\t\t\t\t<div class=\"elementor-container elementor-column-gap-default\">\n\t\t\t\t\t<div class=\"elementor-column elementor-col-100 elementor-top-column elementor-element elementor-element-a4ca634\" data-id=\"a4ca634\" data-element_type=\"column\">\n\t\t\t<div class=\"elementor-widget-wrap elementor-element-populated\">\n\t\t\t\t\t\t\t\t<div class=\"elementor-element elementor-element-3fcc7b5 elementor-widget elementor-widget-image\" data-id=\"3fcc7b5\" data-element_type=\"widget\" data-widget_type=\"image.default\">\n\t\t\t\t<div class=\"elementor-widget-container\">\n\t\t\t<style>\/*! elementor - v3.12.1 - 02-04-2023 *\/\n.elementor-widget-image{text-align:center}.elementor-widget-image a{display:inline-block}.elementor-widget-image a img[src$=\".svg\"]{width:48px}.elementor-widget-image img{vertical-align:middle;display:inline-block}<\/style>\t\t\t\t\t\t\t\t\t\t\t\t<img loading=\"lazy\" decoding=\"async\" width=\"1024\" height=\"678\" src=\"https:\/\/livredition.com\/wp-content\/uploads\/2021\/05\/eliayan-pic-livre-1024x678.jpg\" class=\"attachment-large size-large wp-image-152\" alt=\"\" srcset=\"https:\/\/livredition.com\/wp-content\/uploads\/2021\/05\/eliayan-pic-livre-1024x678.jpg 1024w, https:\/\/livredition.com\/wp-content\/uploads\/2021\/05\/eliayan-pic-livre-600x398.jpg 600w, https:\/\/livredition.com\/wp-content\/uploads\/2021\/05\/eliayan-pic-livre-300x199.jpg 300w, https:\/\/livredition.com\/wp-content\/uploads\/2021\/05\/eliayan-pic-livre-768x509.jpg 768w, https:\/\/livredition.com\/wp-content\/uploads\/2021\/05\/eliayan-pic-livre-1536x1018.jpg 1536w, https:\/\/livredition.com\/wp-content\/uploads\/2021\/05\/eliayan-pic-livre.jpg 2000w\" sizes=\"auto, (max-width: 1024px) 100vw, 1024px\" \/>\t\t\t\t\t\t\t\t\t\t\t\t\t\t\t<\/div>\n\t\t\t\t<\/div>\n\t\t\t\t\t<\/div>\n\t\t<\/div>\n\t\t\t\t\t\t\t<\/div>\n\t\t<\/section>\n\t\t\t\t<section class=\"elementor-section elementor-top-section elementor-element elementor-element-79ffaa8 elementor-section-boxed elementor-section-height-default elementor-section-height-default\" data-id=\"79ffaa8\" data-element_type=\"section\">\n\t\t\t\t\t\t<div class=\"elementor-container elementor-column-gap-default\">\n\t\t\t\t\t<div class=\"elementor-column elementor-col-100 elementor-top-column elementor-element elementor-element-49f0f21\" data-id=\"49f0f21\" data-element_type=\"column\">\n\t\t\t<div class=\"elementor-widget-wrap elementor-element-populated\">\n\t\t\t\t\t\t\t\t<div class=\"elementor-element elementor-element-62ffdf5 elementor-widget elementor-widget-image\" data-id=\"62ffdf5\" data-element_type=\"widget\" data-widget_type=\"image.default\">\n\t\t\t\t<div class=\"elementor-widget-container\">\n\t\t\t\t\t\t\t\t\t\t\t\t\t\t\t<img loading=\"lazy\" decoding=\"async\" width=\"1024\" height=\"576\" src=\"https:\/\/livredition.com\/wp-content\/uploads\/2021\/10\/petits-bouts-de-nous-eliayan-pic-1024x576.jpg\" class=\"attachment-large size-large wp-image-644\" alt=\"\" srcset=\"https:\/\/livredition.com\/wp-content\/uploads\/2021\/10\/petits-bouts-de-nous-eliayan-pic-1024x576.jpg 1024w, https:\/\/livredition.com\/wp-content\/uploads\/2021\/10\/petits-bouts-de-nous-eliayan-pic-600x338.jpg 600w, https:\/\/livredition.com\/wp-content\/uploads\/2021\/10\/petits-bouts-de-nous-eliayan-pic-300x169.jpg 300w, https:\/\/livredition.com\/wp-content\/uploads\/2021\/10\/petits-bouts-de-nous-eliayan-pic-768x432.jpg 768w, https:\/\/livredition.com\/wp-content\/uploads\/2021\/10\/petits-bouts-de-nous-eliayan-pic.jpg 1200w\" sizes=\"auto, (max-width: 1024px) 100vw, 1024px\" \/>\t\t\t\t\t\t\t\t\t\t\t\t\t\t\t<\/div>\n\t\t\t\t<\/div>\n\t\t\t\t\t<\/div>\n\t\t<\/div>\n\t\t\t\t\t\t\t<\/div>\n\t\t<\/section>\n\t\t\t\t<section class=\"elementor-section elementor-top-section elementor-element elementor-element-85fb546 elementor-section-boxed elementor-section-height-default elementor-section-height-default\" data-id=\"85fb546\" data-element_type=\"section\">\n\t\t\t\t\t\t<div class=\"elementor-container elementor-column-gap-default\">\n\t\t\t\t\t<div class=\"elementor-column elementor-col-100 elementor-top-column elementor-element elementor-element-bb0a8a3\" data-id=\"bb0a8a3\" data-element_type=\"column\">\n\t\t\t<div class=\"elementor-widget-wrap elementor-element-populated\">\n\t\t\t\t\t\t\t\t<div class=\"elementor-element elementor-element-b97a8f0 elementor-widget elementor-widget-text-editor\" data-id=\"b97a8f0\" data-element_type=\"widget\" data-widget_type=\"text-editor.default\">\n\t\t\t\t<div class=\"elementor-widget-container\">\n\t\t\t\t\t\t\tLes liens qui unissent les \u00eatres humains sont fragiles comme le papier. En jouant sur la similitude entre les sentimentset les affiches des rues qui pr\u00e9sentent d\u00e9chirures, collages et \u00e9paisseurs, Anne Eliayan et Christian Pic explorent l\u2019amiti\u00e9, la complicit\u00e9, le soutien et bien d\u2019autres choses au travers de chaque composition m\u00ealant collage, textes et photo, r\u00e9alis\u00e9e en unique exemplaire. Vous pourrez \u00e9galement d\u00e9couvrir le livre issu de ce travail \u00e9dit\u00e9 par la maison d\u2019\u00e9dition Vivre Livre Vivre Libre.\n<br>\nISBN 978-2-490847-26-6 \/ 100 pages \/ 27 euros\t\t\t\t\t\t<\/div>\n\t\t\t\t<\/div>\n\t\t\t\t\t<\/div>\n\t\t<\/div>\n\t\t\t\t\t\t\t<\/div>\n\t\t<\/section>\n\t\t\t\t<section class=\"elementor-section elementor-top-section elementor-element elementor-element-b945102 elementor-section-boxed elementor-section-height-default elementor-section-height-default\" data-id=\"b945102\" data-element_type=\"section\">\n\t\t\t\t\t\t<div class=\"elementor-container elementor-column-gap-default\">\n\t\t\t\t\t<div class=\"elementor-column elementor-col-50 elementor-top-column elementor-element elementor-element-81d1102\" data-id=\"81d1102\" data-element_type=\"column\">\n\t\t\t<div class=\"elementor-widget-wrap elementor-element-populated\">\n\t\t\t\t\t\t\t\t<div class=\"elementor-element elementor-element-5661ec2 elementor-widget elementor-widget-image\" data-id=\"5661ec2\" data-element_type=\"widget\" data-widget_type=\"image.default\">\n\t\t\t\t<div class=\"elementor-widget-container\">\n\t\t\t\t\t\t\t\t\t\t\t\t\t\t\t<img loading=\"lazy\" decoding=\"async\" width=\"1024\" height=\"576\" src=\"https:\/\/livredition.com\/wp-content\/uploads\/2021\/10\/eliayan-pic-petits-nous-1024x576.jpg\" class=\"attachment-large size-large wp-image-643\" alt=\"\" srcset=\"https:\/\/livredition.com\/wp-content\/uploads\/2021\/10\/eliayan-pic-petits-nous-1024x576.jpg 1024w, https:\/\/livredition.com\/wp-content\/uploads\/2021\/10\/eliayan-pic-petits-nous-600x338.jpg 600w, https:\/\/livredition.com\/wp-content\/uploads\/2021\/10\/eliayan-pic-petits-nous-300x169.jpg 300w, https:\/\/livredition.com\/wp-content\/uploads\/2021\/10\/eliayan-pic-petits-nous-768x432.jpg 768w, https:\/\/livredition.com\/wp-content\/uploads\/2021\/10\/eliayan-pic-petits-nous.jpg 1200w\" sizes=\"auto, (max-width: 1024px) 100vw, 1024px\" \/>\t\t\t\t\t\t\t\t\t\t\t\t\t\t\t<\/div>\n\t\t\t\t<\/div>\n\t\t\t\t\t<\/div>\n\t\t<\/div>\n\t\t\t\t<div class=\"elementor-column elementor-col-50 elementor-top-column elementor-element elementor-element-c458aff\" data-id=\"c458aff\" data-element_type=\"column\">\n\t\t\t<div class=\"elementor-widget-wrap elementor-element-populated\">\n\t\t\t\t\t\t\t\t<div class=\"elementor-element elementor-element-9cdec01 elementor-widget elementor-widget-image\" data-id=\"9cdec01\" data-element_type=\"widget\" data-widget_type=\"image.default\">\n\t\t\t\t<div class=\"elementor-widget-container\">\n\t\t\t\t\t\t\t\t\t\t\t\t\t\t\t<img loading=\"lazy\" decoding=\"async\" width=\"1024\" height=\"576\" src=\"https:\/\/livredition.com\/wp-content\/uploads\/2021\/10\/eliayan-pic-petits-buts-de-nous-1024x576.jpg\" class=\"attachment-large size-large wp-image-642\" alt=\"\" srcset=\"https:\/\/livredition.com\/wp-content\/uploads\/2021\/10\/eliayan-pic-petits-buts-de-nous-1024x576.jpg 1024w, https:\/\/livredition.com\/wp-content\/uploads\/2021\/10\/eliayan-pic-petits-buts-de-nous-600x338.jpg 600w, https:\/\/livredition.com\/wp-content\/uploads\/2021\/10\/eliayan-pic-petits-buts-de-nous-300x169.jpg 300w, https:\/\/livredition.com\/wp-content\/uploads\/2021\/10\/eliayan-pic-petits-buts-de-nous-768x432.jpg 768w, https:\/\/livredition.com\/wp-content\/uploads\/2021\/10\/eliayan-pic-petits-buts-de-nous.jpg 1200w\" sizes=\"auto, (max-width: 1024px) 100vw, 1024px\" \/>\t\t\t\t\t\t\t\t\t\t\t\t\t\t\t<\/div>\n\t\t\t\t<\/div>\n\t\t\t\t\t<\/div>\n\t\t<\/div>\n\t\t\t\t\t\t\t<\/div>\n\t\t<\/section>\n\t\t\t\t<section class=\"elementor-section elementor-top-section elementor-element elementor-element-e31b0f4 elementor-section-boxed elementor-section-height-default elementor-section-height-default\" data-id=\"e31b0f4\" data-element_type=\"section\">\n\t\t\t\t\t\t<div class=\"elementor-container elementor-column-gap-default\">\n\t\t\t\t\t<div class=\"elementor-column elementor-col-50 elementor-top-column elementor-element elementor-element-a81e9b2\" data-id=\"a81e9b2\" data-element_type=\"column\">\n\t\t\t<div class=\"elementor-widget-wrap elementor-element-populated\">\n\t\t\t\t\t\t\t\t<div class=\"elementor-element elementor-element-59cbb62 elementor-widget elementor-widget-image\" data-id=\"59cbb62\" data-element_type=\"widget\" data-widget_type=\"image.default\">\n\t\t\t\t<div class=\"elementor-widget-container\">\n\t\t\t\t\t\t\t\t\t\t\t\t\t\t\t<img loading=\"lazy\" decoding=\"async\" width=\"1024\" height=\"576\" src=\"https:\/\/livredition.com\/wp-content\/uploads\/2021\/10\/eliayan-pic-petits-bouts-de-nous-1-1024x576.jpg\" class=\"attachment-large size-large wp-image-641\" alt=\"\" srcset=\"https:\/\/livredition.com\/wp-content\/uploads\/2021\/10\/eliayan-pic-petits-bouts-de-nous-1-1024x576.jpg 1024w, https:\/\/livredition.com\/wp-content\/uploads\/2021\/10\/eliayan-pic-petits-bouts-de-nous-1-600x338.jpg 600w, https:\/\/livredition.com\/wp-content\/uploads\/2021\/10\/eliayan-pic-petits-bouts-de-nous-1-300x169.jpg 300w, https:\/\/livredition.com\/wp-content\/uploads\/2021\/10\/eliayan-pic-petits-bouts-de-nous-1-768x432.jpg 768w, https:\/\/livredition.com\/wp-content\/uploads\/2021\/10\/eliayan-pic-petits-bouts-de-nous-1.jpg 1200w\" sizes=\"auto, (max-width: 1024px) 100vw, 1024px\" \/>\t\t\t\t\t\t\t\t\t\t\t\t\t\t\t<\/div>\n\t\t\t\t<\/div>\n\t\t\t\t\t<\/div>\n\t\t<\/div>\n\t\t\t\t<div class=\"elementor-column elementor-col-50 elementor-top-column elementor-element elementor-element-8b73e8f\" data-id=\"8b73e8f\" data-element_type=\"column\">\n\t\t\t<div class=\"elementor-widget-wrap elementor-element-populated\">\n\t\t\t\t\t\t\t\t<div class=\"elementor-element elementor-element-3f419bd elementor-widget elementor-widget-image\" data-id=\"3f419bd\" data-element_type=\"widget\" data-widget_type=\"image.default\">\n\t\t\t\t<div class=\"elementor-widget-container\">\n\t\t\t\t\t\t\t\t\t\t\t\t\t\t\t<img loading=\"lazy\" decoding=\"async\" width=\"1024\" height=\"576\" src=\"https:\/\/livredition.com\/wp-content\/uploads\/2021\/10\/eliayan-pic-petits-bouts-1024x576.jpg\" class=\"attachment-large size-large wp-image-640\" alt=\"\" srcset=\"https:\/\/livredition.com\/wp-content\/uploads\/2021\/10\/eliayan-pic-petits-bouts-1024x576.jpg 1024w, https:\/\/livredition.com\/wp-content\/uploads\/2021\/10\/eliayan-pic-petits-bouts-600x338.jpg 600w, https:\/\/livredition.com\/wp-content\/uploads\/2021\/10\/eliayan-pic-petits-bouts-300x169.jpg 300w, https:\/\/livredition.com\/wp-content\/uploads\/2021\/10\/eliayan-pic-petits-bouts-768x432.jpg 768w, https:\/\/livredition.com\/wp-content\/uploads\/2021\/10\/eliayan-pic-petits-bouts.jpg 1200w\" sizes=\"auto, (max-width: 1024px) 100vw, 1024px\" \/>\t\t\t\t\t\t\t\t\t\t\t\t\t\t\t<\/div>\n\t\t\t\t<\/div>\n\t\t\t\t\t<\/div>\n\t\t<\/div>\n\t\t\t\t\t\t\t<\/div>\n\t\t<\/section>\n\t\t\t\t<section class=\"elementor-section elementor-top-section elementor-element elementor-element-76780b2 elementor-section-boxed elementor-section-height-default elementor-section-height-default\" data-id=\"76780b2\" data-element_type=\"section\">\n\t\t\t\t\t\t<div class=\"elementor-container elementor-column-gap-default\">\n\t\t\t\t\t<div class=\"elementor-column elementor-col-100 elementor-top-column elementor-element elementor-element-bc7e2e1\" data-id=\"bc7e2e1\" data-element_type=\"column\">\n\t\t\t<div class=\"elementor-widget-wrap elementor-element-populated\">\n\t\t\t\t\t\t\t\t<div class=\"elementor-element elementor-element-e1065f0 elementor-widget elementor-widget-image\" data-id=\"e1065f0\" data-element_type=\"widget\" data-widget_type=\"image.default\">\n\t\t\t\t<div class=\"elementor-widget-container\">\n\t\t\t\t\t\t\t\t\t\t\t\t\t\t\t<img loading=\"lazy\" decoding=\"async\" width=\"1024\" height=\"576\" src=\"https:\/\/livredition.com\/wp-content\/uploads\/2021\/10\/eliayan-pic-ces-petits-bouts-de-nous-1024x576.jpg\" class=\"attachment-large size-large wp-image-639\" alt=\"\" srcset=\"https:\/\/livredition.com\/wp-content\/uploads\/2021\/10\/eliayan-pic-ces-petits-bouts-de-nous-1024x576.jpg 1024w, https:\/\/livredition.com\/wp-content\/uploads\/2021\/10\/eliayan-pic-ces-petits-bouts-de-nous-600x338.jpg 600w, https:\/\/livredition.com\/wp-content\/uploads\/2021\/10\/eliayan-pic-ces-petits-bouts-de-nous-300x169.jpg 300w, https:\/\/livredition.com\/wp-content\/uploads\/2021\/10\/eliayan-pic-ces-petits-bouts-de-nous-768x432.jpg 768w, https:\/\/livredition.com\/wp-content\/uploads\/2021\/10\/eliayan-pic-ces-petits-bouts-de-nous.jpg 1200w\" sizes=\"auto, (max-width: 1024px) 100vw, 1024px\" \/>\t\t\t\t\t\t\t\t\t\t\t\t\t\t\t<\/div>\n\t\t\t\t<\/div>\n\t\t\t\t\t<\/div>\n\t\t<\/div>\n\t\t\t\t\t\t\t<\/div>\n\t\t<\/section>\n\t\t\t\t<section class=\"elementor-section elementor-top-section elementor-element elementor-element-22fa9ab elementor-section-boxed elementor-section-height-default elementor-section-height-default\" data-id=\"22fa9ab\" data-element_type=\"section\">\n\t\t\t\t\t\t<div class=\"elementor-container elementor-column-gap-default\">\n\t\t\t\t\t<div class=\"elementor-column elementor-col-100 elementor-top-column elementor-element elementor-element-c0ccc6c\" data-id=\"c0ccc6c\" data-element_type=\"column\">\n\t\t\t<div class=\"elementor-widget-wrap elementor-element-populated\">\n\t\t\t\t\t\t\t\t<div class=\"elementor-element elementor-element-3679dcc elementor-widget elementor-widget-image\" data-id=\"3679dcc\" data-element_type=\"widget\" data-widget_type=\"image.default\">\n\t\t\t\t<div class=\"elementor-widget-container\">\n\t\t\t\t\t\t\t\t\t\t\t\t\t\t\t<img loading=\"lazy\" decoding=\"async\" width=\"1024\" height=\"576\" src=\"https:\/\/livredition.com\/wp-content\/uploads\/2021\/10\/anne-eliayan-et-christian-pic-petits-bouts-de-nous-1024x576.jpg\" class=\"attachment-large size-large wp-image-638\" alt=\"\" srcset=\"https:\/\/livredition.com\/wp-content\/uploads\/2021\/10\/anne-eliayan-et-christian-pic-petits-bouts-de-nous-1024x576.jpg 1024w, https:\/\/livredition.com\/wp-content\/uploads\/2021\/10\/anne-eliayan-et-christian-pic-petits-bouts-de-nous-600x338.jpg 600w, https:\/\/livredition.com\/wp-content\/uploads\/2021\/10\/anne-eliayan-et-christian-pic-petits-bouts-de-nous-300x169.jpg 300w, https:\/\/livredition.com\/wp-content\/uploads\/2021\/10\/anne-eliayan-et-christian-pic-petits-bouts-de-nous-768x432.jpg 768w, https:\/\/livredition.com\/wp-content\/uploads\/2021\/10\/anne-eliayan-et-christian-pic-petits-bouts-de-nous.jpg 1200w\" sizes=\"auto, (max-width: 1024px) 100vw, 1024px\" \/>\t\t\t\t\t\t\t\t\t\t\t\t\t\t\t<\/div>\n\t\t\t\t<\/div>\n\t\t\t\t\t<\/div>\n\t\t<\/div>\n\t\t\t\t\t\t\t<\/div>\n\t\t<\/section>\n\t\t\t\t<section class=\"elementor-section elementor-top-section elementor-element elementor-element-e266ec0 elementor-section-boxed elementor-section-height-default elementor-section-height-default\" data-id=\"e266ec0\" data-element_type=\"section\">\n\t\t\t\t\t\t<div class=\"elementor-container elementor-column-gap-default\">\n\t\t\t\t\t<div class=\"elementor-column elementor-col-100 elementor-top-column elementor-element elementor-element-d1f417e\" data-id=\"d1f417e\" data-element_type=\"column\">\n\t\t\t<div class=\"elementor-widget-wrap elementor-element-populated\">\n\t\t\t\t\t\t\t\t<div class=\"elementor-element elementor-element-de8d3d8 elementor-widget elementor-widget-image\" data-id=\"de8d3d8\" data-element_type=\"widget\" data-widget_type=\"image.default\">\n\t\t\t\t<div class=\"elementor-widget-container\">\n\t\t\t\t\t\t\t\t\t\t\t\t\t\t\t<img loading=\"lazy\" decoding=\"async\" width=\"1024\" height=\"576\" src=\"https:\/\/livredition.com\/wp-content\/uploads\/2021\/10\/anne-eliayan-christian-pic-petits-bouts-de-nous-1024x576.jpg\" class=\"attachment-large size-large wp-image-637\" alt=\"\" srcset=\"https:\/\/livredition.com\/wp-content\/uploads\/2021\/10\/anne-eliayan-christian-pic-petits-bouts-de-nous-1024x576.jpg 1024w, https:\/\/livredition.com\/wp-content\/uploads\/2021\/10\/anne-eliayan-christian-pic-petits-bouts-de-nous-600x338.jpg 600w, https:\/\/livredition.com\/wp-content\/uploads\/2021\/10\/anne-eliayan-christian-pic-petits-bouts-de-nous-300x169.jpg 300w, https:\/\/livredition.com\/wp-content\/uploads\/2021\/10\/anne-eliayan-christian-pic-petits-bouts-de-nous-768x432.jpg 768w, https:\/\/livredition.com\/wp-content\/uploads\/2021\/10\/anne-eliayan-christian-pic-petits-bouts-de-nous.jpg 1200w\" sizes=\"auto, (max-width: 1024px) 100vw, 1024px\" \/>\t\t\t\t\t\t\t\t\t\t\t\t\t\t\t<\/div>\n\t\t\t\t<\/div>\n\t\t\t\t\t<\/div>\n\t\t<\/div>\n\t\t\t\t\t\t\t<\/div>\n\t\t<\/section>\n\t\t\t\t<section class=\"elementor-section elementor-top-section elementor-element elementor-element-2515452 elementor-section-boxed elementor-section-height-default elementor-section-height-default\" data-id=\"2515452\" data-element_type=\"section\">\n\t\t\t\t\t\t<div class=\"elementor-container elementor-column-gap-default\">\n\t\t\t\t\t<div class=\"elementor-column elementor-col-100 elementor-top-column elementor-element elementor-element-c0f78db\" data-id=\"c0f78db\" data-element_type=\"column\">\n\t\t\t<div class=\"elementor-widget-wrap elementor-element-populated\">\n\t\t\t\t\t\t\t\t<div class=\"elementor-element elementor-element-123fe77 elementor-widget elementor-widget-image\" data-id=\"123fe77\" data-element_type=\"widget\" data-widget_type=\"image.default\">\n\t\t\t\t<div class=\"elementor-widget-container\">\n\t\t\t\t\t\t\t\t\t\t\t\t\t\t\t<img loading=\"lazy\" decoding=\"async\" width=\"1024\" height=\"576\" src=\"https:\/\/livredition.com\/wp-content\/uploads\/2021\/10\/anne-eliayan-christian-pic-petits-bouts-1024x576.jpg\" class=\"attachment-large size-large wp-image-636\" alt=\"\" srcset=\"https:\/\/livredition.com\/wp-content\/uploads\/2021\/10\/anne-eliayan-christian-pic-petits-bouts-1024x576.jpg 1024w, https:\/\/livredition.com\/wp-content\/uploads\/2021\/10\/anne-eliayan-christian-pic-petits-bouts-600x338.jpg 600w, https:\/\/livredition.com\/wp-content\/uploads\/2021\/10\/anne-eliayan-christian-pic-petits-bouts-300x169.jpg 300w, https:\/\/livredition.com\/wp-content\/uploads\/2021\/10\/anne-eliayan-christian-pic-petits-bouts-768x432.jpg 768w, https:\/\/livredition.com\/wp-content\/uploads\/2021\/10\/anne-eliayan-christian-pic-petits-bouts.jpg 1200w\" sizes=\"auto, (max-width: 1024px) 100vw, 1024px\" \/>\t\t\t\t\t\t\t\t\t\t\t\t\t\t\t<\/div>\n\t\t\t\t<\/div>\n\t\t\t\t\t<\/div>\n\t\t<\/div>\n\t\t\t\t\t\t\t<\/div>\n\t\t<\/section>\n\t\t\t\t\t\t\t<\/div>\n\t\t","protected":false},"excerpt":{"rendered":"<p>Nouvelle \u00e9dition 2021 Les liens qui unissent les \u00eatres humains sont fragiles comme le papier. En jouant sur la similitude entre les sentimentset les affiches des rues qui pr\u00e9sentent d\u00e9chirures, collages et \u00e9paisseurs, Anne Eliayan et Christian Pic explorent l\u2019amiti\u00e9, la complicit\u00e9, le soutien et bien d\u2019autres choses au travers de chaque composition m\u00ealant collage,&#8230;<\/p>\n","protected":false},"author":1,"featured_media":0,"parent":151,"menu_order":100,"comment_status":"closed","ping_status":"closed","template":"","meta":{"footnotes":""},"class_list":["post-381","page","type-page","status-publish","hentry"],"_links":{"self":[{"href":"https:\/\/livredition.com\/index.php\/wp-json\/wp\/v2\/pages\/381","targetHints":{"allow":["GET"]}}],"collection":[{"href":"https:\/\/livredition.com\/index.php\/wp-json\/wp\/v2\/pages"}],"about":[{"href":"https:\/\/livredition.com\/index.php\/wp-json\/wp\/v2\/types\/page"}],"author":[{"embeddable":true,"href":"https:\/\/livredition.com\/index.php\/wp-json\/wp\/v2\/users\/1"}],"replies":[{"embeddable":true,"href":"https:\/\/livredition.com\/index.php\/wp-json\/wp\/v2\/comments?post=381"}],"version-history":[{"count":8,"href":"https:\/\/livredition.com\/index.php\/wp-json\/wp\/v2\/pages\/381\/revisions"}],"predecessor-version":[{"id":647,"href":"https:\/\/livredition.com\/index.php\/wp-json\/wp\/v2\/pages\/381\/revisions\/647"}],"up":[{"embeddable":true,"href":"https:\/\/livredition.com\/index.php\/wp-json\/wp\/v2\/pages\/151"}],"wp:attachment":[{"href":"https:\/\/livredition.com\/index.php\/wp-json\/wp\/v2\/media?parent=381"}],"curies":[{"name":"wp","href":"https:\/\/api.w.org\/{rel}","templated":true}]}}