{"id":340,"date":"2021-10-19T17:42:23","date_gmt":"2021-10-19T15:42:23","guid":{"rendered":"https:\/\/livredition.com\/?page_id=340"},"modified":"2021-10-29T21:36:45","modified_gmt":"2021-10-29T19:36:45","slug":"inconnues-2","status":"publish","type":"page","link":"https:\/\/livredition.com\/index.php\/poesie\/inconnues-2\/","title":{"rendered":"Inconnues"},"content":{"rendered":"\t\t<div data-elementor-type=\"wp-page\" data-elementor-id=\"340\" class=\"elementor elementor-340\">\n\t\t\t\t\t\t\t\t\t<section class=\"elementor-section elementor-top-section elementor-element elementor-element-569d19e elementor-section-boxed elementor-section-height-default elementor-section-height-default\" data-id=\"569d19e\" data-element_type=\"section\">\n\t\t\t\t\t\t<div class=\"elementor-container elementor-column-gap-default\">\n\t\t\t\t\t<div class=\"elementor-column elementor-col-100 elementor-top-column elementor-element elementor-element-99a7a91\" data-id=\"99a7a91\" data-element_type=\"column\">\n\t\t\t<div class=\"elementor-widget-wrap elementor-element-populated\">\n\t\t\t\t\t\t\t\t<div class=\"elementor-element elementor-element-1cddcba elementor-widget elementor-widget-text-editor\" data-id=\"1cddcba\" data-element_type=\"widget\" data-widget_type=\"text-editor.default\">\n\t\t\t\t<div class=\"elementor-widget-container\">\n\t\t\t<style>\/*! elementor - v3.12.1 - 02-04-2023 *\/\n.elementor-widget-text-editor.elementor-drop-cap-view-stacked .elementor-drop-cap{background-color:#69727d;color:#fff}.elementor-widget-text-editor.elementor-drop-cap-view-framed .elementor-drop-cap{color:#69727d;border:3px solid;background-color:transparent}.elementor-widget-text-editor:not(.elementor-drop-cap-view-default) .elementor-drop-cap{margin-top:8px}.elementor-widget-text-editor:not(.elementor-drop-cap-view-default) .elementor-drop-cap-letter{width:1em;height:1em}.elementor-widget-text-editor .elementor-drop-cap{float:left;text-align:center;line-height:1;font-size:50px}.elementor-widget-text-editor .elementor-drop-cap-letter{display:inline-block}<\/style>\t\t\t\t<p><!-- wp:image {\"id\":152,\"sizeSlug\":\"large\",\"className\":\"is-style-rounded\"} --><\/p>\n<p><!-- \/wp:separator --><!-- wp:image {\"id\":164,\"width\":674,\"height\":674,\"sizeSlug\":\"large\",\"className\":\"is-style-rounded\"} --><\/p>\n<figure><img loading=\"lazy\" decoding=\"async\" src=\"https:\/\/livredition.com\/wp-content\/uploads\/2021\/05\/INCONNUES-1024x1024.jpg\" alt=\"\" width=\"674\" height=\"674\"><p><\/p>\n<figcaption>ISBN 978-2-490847-00-6 \/ po\u00e9sies Anglais-Fran\u00e7ais \/ photos \/ 87 pages \/ 27 \u20ac<\/figcaption>\n<\/figure>\n<p><!-- \/wp:image --><!-- wp:paragraph {\"textColor\":\"cyan-bluish-gray\"} --><\/p>\n<p><strong><em>INCONNUES<\/em><\/strong><\/p>\n<p><!-- \/wp:paragraph --><!-- wp:paragraph --><\/p>\n<p><span style=\"color: var( --e-global-color-text );\">Po\u00e9sies en fran\u00e7ais et en anglais.<\/span><\/p><p>Il \u00e9tait une fois, des photos jet\u00e9es sur le trottoir, des femmes d\u00e9nud\u00e9es, anonymes. Nous avons voulu travailler l\u2019espace fragile qui dort bien en-dessous de la peau. Le regard ne traverse rien. Si une \u00e2me existe elle se cache bien au del\u00e0 de l\u2019apparence.&nbsp;<\/p>\n<p><!-- \/wp:paragraph --><!-- wp:gallery {\"ids\":[165,166,167,169],\"linkTo\":\"none\"} --><\/p>\n<figure><\/figure>\n<figure><img decoding=\"async\" src=\"https:\/\/livredition.com\/wp-content\/uploads\/2021\/05\/inconuues-p1-1-1024x1024.jpg\" alt=\"\"><\/figure>\n<p><!-- \/wp:image --><!-- wp:image {\"id\":172,\"sizeSlug\":\"large\",\"className\":\"is-style-rounded\"} --><\/p>\n<p><!-- \/wp:image --><!-- wp:separator {\"color\":\"luminous-vivid-orange\",\"className\":\"is-style-wide\"} --><\/p>\n<hr>\n<p><!-- \/wp:separator --><\/p>\t\t\t\t\t\t<\/div>\n\t\t\t\t<\/div>\n\t\t\t\t\t<\/div>\n\t\t<\/div>\n\t\t\t\t\t\t\t<\/div>\n\t\t<\/section>\n\t\t\t\t<section class=\"elementor-section elementor-top-section elementor-element elementor-element-0a5014e elementor-section-boxed elementor-section-height-default elementor-section-height-default\" data-id=\"0a5014e\" data-element_type=\"section\">\n\t\t\t\t\t\t<div class=\"elementor-container elementor-column-gap-default\">\n\t\t\t\t\t<div class=\"elementor-column elementor-col-100 elementor-top-column elementor-element elementor-element-a522f4b\" data-id=\"a522f4b\" data-element_type=\"column\">\n\t\t\t<div class=\"elementor-widget-wrap elementor-element-populated\">\n\t\t\t\t\t\t\t\t<div class=\"elementor-element elementor-element-01a4055 elementor-widget elementor-widget-image\" data-id=\"01a4055\" data-element_type=\"widget\" data-widget_type=\"image.default\">\n\t\t\t\t<div class=\"elementor-widget-container\">\n\t\t\t<style>\/*! elementor - v3.12.1 - 02-04-2023 *\/\n.elementor-widget-image{text-align:center}.elementor-widget-image a{display:inline-block}.elementor-widget-image a img[src$=\".svg\"]{width:48px}.elementor-widget-image img{vertical-align:middle;display:inline-block}<\/style>\t\t\t\t\t\t\t\t\t\t\t\t<img loading=\"lazy\" decoding=\"async\" width=\"1024\" height=\"576\" src=\"https:\/\/livredition.com\/wp-content\/uploads\/2021\/10\/inconnues-eliayan-pic-1-1024x576.jpg\" class=\"attachment-large size-large wp-image-628\" alt=\"\" srcset=\"https:\/\/livredition.com\/wp-content\/uploads\/2021\/10\/inconnues-eliayan-pic-1-1024x576.jpg 1024w, https:\/\/livredition.com\/wp-content\/uploads\/2021\/10\/inconnues-eliayan-pic-1-600x338.jpg 600w, https:\/\/livredition.com\/wp-content\/uploads\/2021\/10\/inconnues-eliayan-pic-1-300x169.jpg 300w, https:\/\/livredition.com\/wp-content\/uploads\/2021\/10\/inconnues-eliayan-pic-1-768x432.jpg 768w, https:\/\/livredition.com\/wp-content\/uploads\/2021\/10\/inconnues-eliayan-pic-1.jpg 1200w\" sizes=\"auto, (max-width: 1024px) 100vw, 1024px\" \/>\t\t\t\t\t\t\t\t\t\t\t\t\t\t\t<\/div>\n\t\t\t\t<\/div>\n\t\t\t\t\t<\/div>\n\t\t<\/div>\n\t\t\t\t\t\t\t<\/div>\n\t\t<\/section>\n\t\t\t\t<section class=\"elementor-section elementor-top-section elementor-element elementor-element-123a7f2 elementor-section-boxed elementor-section-height-default elementor-section-height-default\" data-id=\"123a7f2\" data-element_type=\"section\">\n\t\t\t\t\t\t<div class=\"elementor-container elementor-column-gap-default\">\n\t\t\t\t\t<div class=\"elementor-column elementor-col-50 elementor-top-column elementor-element elementor-element-8ed2eb3\" data-id=\"8ed2eb3\" data-element_type=\"column\">\n\t\t\t<div class=\"elementor-widget-wrap elementor-element-populated\">\n\t\t\t\t\t\t\t\t<div class=\"elementor-element elementor-element-fc3f47d elementor-widget elementor-widget-image\" data-id=\"fc3f47d\" data-element_type=\"widget\" data-widget_type=\"image.default\">\n\t\t\t\t<div class=\"elementor-widget-container\">\n\t\t\t\t\t\t\t\t\t\t\t\t\t\t\t<img loading=\"lazy\" decoding=\"async\" width=\"1024\" height=\"576\" src=\"https:\/\/livredition.com\/wp-content\/uploads\/2021\/10\/inconnues-eliayan-et-pic-1024x576.jpg\" class=\"attachment-large size-large wp-image-627\" alt=\"\" srcset=\"https:\/\/livredition.com\/wp-content\/uploads\/2021\/10\/inconnues-eliayan-et-pic-1024x576.jpg 1024w, https:\/\/livredition.com\/wp-content\/uploads\/2021\/10\/inconnues-eliayan-et-pic-600x338.jpg 600w, https:\/\/livredition.com\/wp-content\/uploads\/2021\/10\/inconnues-eliayan-et-pic-300x169.jpg 300w, https:\/\/livredition.com\/wp-content\/uploads\/2021\/10\/inconnues-eliayan-et-pic-768x432.jpg 768w, https:\/\/livredition.com\/wp-content\/uploads\/2021\/10\/inconnues-eliayan-et-pic.jpg 1200w\" sizes=\"auto, (max-width: 1024px) 100vw, 1024px\" \/>\t\t\t\t\t\t\t\t\t\t\t\t\t\t\t<\/div>\n\t\t\t\t<\/div>\n\t\t\t\t\t<\/div>\n\t\t<\/div>\n\t\t\t\t<div class=\"elementor-column elementor-col-50 elementor-top-column elementor-element elementor-element-f21b00d\" data-id=\"f21b00d\" data-element_type=\"column\">\n\t\t\t<div class=\"elementor-widget-wrap elementor-element-populated\">\n\t\t\t\t\t\t\t\t<div class=\"elementor-element elementor-element-1fecd99 elementor-widget elementor-widget-image\" data-id=\"1fecd99\" data-element_type=\"widget\" data-widget_type=\"image.default\">\n\t\t\t\t<div class=\"elementor-widget-container\">\n\t\t\t\t\t\t\t\t\t\t\t\t\t\t\t<img loading=\"lazy\" decoding=\"async\" width=\"1024\" height=\"576\" src=\"https:\/\/livredition.com\/wp-content\/uploads\/2021\/10\/inconnues-eliayan-et-c-pic-1024x576.jpg\" class=\"attachment-large size-large wp-image-626\" alt=\"\" srcset=\"https:\/\/livredition.com\/wp-content\/uploads\/2021\/10\/inconnues-eliayan-et-c-pic-1024x576.jpg 1024w, https:\/\/livredition.com\/wp-content\/uploads\/2021\/10\/inconnues-eliayan-et-c-pic-600x338.jpg 600w, https:\/\/livredition.com\/wp-content\/uploads\/2021\/10\/inconnues-eliayan-et-c-pic-300x169.jpg 300w, https:\/\/livredition.com\/wp-content\/uploads\/2021\/10\/inconnues-eliayan-et-c-pic-768x432.jpg 768w, https:\/\/livredition.com\/wp-content\/uploads\/2021\/10\/inconnues-eliayan-et-c-pic.jpg 1200w\" sizes=\"auto, (max-width: 1024px) 100vw, 1024px\" \/>\t\t\t\t\t\t\t\t\t\t\t\t\t\t\t<\/div>\n\t\t\t\t<\/div>\n\t\t\t\t\t<\/div>\n\t\t<\/div>\n\t\t\t\t\t\t\t<\/div>\n\t\t<\/section>\n\t\t\t\t<section class=\"elementor-section elementor-top-section elementor-element elementor-element-8367774 elementor-section-boxed elementor-section-height-default elementor-section-height-default\" data-id=\"8367774\" data-element_type=\"section\">\n\t\t\t\t\t\t<div class=\"elementor-container elementor-column-gap-default\">\n\t\t\t\t\t<div class=\"elementor-column elementor-col-100 elementor-top-column elementor-element elementor-element-06d9c9c\" data-id=\"06d9c9c\" data-element_type=\"column\">\n\t\t\t<div class=\"elementor-widget-wrap elementor-element-populated\">\n\t\t\t\t\t\t\t\t<div class=\"elementor-element elementor-element-eae11fd elementor-widget elementor-widget-image\" data-id=\"eae11fd\" data-element_type=\"widget\" data-widget_type=\"image.default\">\n\t\t\t\t<div class=\"elementor-widget-container\">\n\t\t\t\t\t\t\t\t\t\t\t\t\t\t\t<img loading=\"lazy\" decoding=\"async\" width=\"1024\" height=\"576\" src=\"https:\/\/livredition.com\/wp-content\/uploads\/2021\/10\/inconnues-a_eliayan-et-c_pic-1024x576.jpg\" class=\"attachment-large size-large wp-image-625\" alt=\"\" srcset=\"https:\/\/livredition.com\/wp-content\/uploads\/2021\/10\/inconnues-a_eliayan-et-c_pic-1024x576.jpg 1024w, https:\/\/livredition.com\/wp-content\/uploads\/2021\/10\/inconnues-a_eliayan-et-c_pic-600x338.jpg 600w, https:\/\/livredition.com\/wp-content\/uploads\/2021\/10\/inconnues-a_eliayan-et-c_pic-300x169.jpg 300w, https:\/\/livredition.com\/wp-content\/uploads\/2021\/10\/inconnues-a_eliayan-et-c_pic-768x432.jpg 768w, https:\/\/livredition.com\/wp-content\/uploads\/2021\/10\/inconnues-a_eliayan-et-c_pic.jpg 1200w\" sizes=\"auto, (max-width: 1024px) 100vw, 1024px\" \/>\t\t\t\t\t\t\t\t\t\t\t\t\t\t\t<\/div>\n\t\t\t\t<\/div>\n\t\t\t\t\t<\/div>\n\t\t<\/div>\n\t\t\t\t\t\t\t<\/div>\n\t\t<\/section>\n\t\t\t\t<section class=\"elementor-section elementor-top-section elementor-element elementor-element-45aac6d elementor-section-boxed elementor-section-height-default elementor-section-height-default\" data-id=\"45aac6d\" data-element_type=\"section\">\n\t\t\t\t\t\t<div class=\"elementor-container elementor-column-gap-default\">\n\t\t\t\t\t<div class=\"elementor-column elementor-col-100 elementor-top-column elementor-element elementor-element-649af06\" data-id=\"649af06\" data-element_type=\"column\">\n\t\t\t<div class=\"elementor-widget-wrap elementor-element-populated\">\n\t\t\t\t\t\t\t\t<div class=\"elementor-element elementor-element-0cc4e31 elementor-widget elementor-widget-image\" data-id=\"0cc4e31\" data-element_type=\"widget\" data-widget_type=\"image.default\">\n\t\t\t\t<div class=\"elementor-widget-container\">\n\t\t\t\t\t\t\t\t\t\t\t\t\t\t\t<img loading=\"lazy\" decoding=\"async\" width=\"1024\" height=\"576\" src=\"https:\/\/livredition.com\/wp-content\/uploads\/2021\/10\/eliayan-pic-inconnues-1024x576.jpg\" class=\"attachment-large size-large wp-image-624\" alt=\"\" srcset=\"https:\/\/livredition.com\/wp-content\/uploads\/2021\/10\/eliayan-pic-inconnues-1024x576.jpg 1024w, https:\/\/livredition.com\/wp-content\/uploads\/2021\/10\/eliayan-pic-inconnues-600x338.jpg 600w, https:\/\/livredition.com\/wp-content\/uploads\/2021\/10\/eliayan-pic-inconnues-300x169.jpg 300w, https:\/\/livredition.com\/wp-content\/uploads\/2021\/10\/eliayan-pic-inconnues-768x432.jpg 768w, https:\/\/livredition.com\/wp-content\/uploads\/2021\/10\/eliayan-pic-inconnues.jpg 1200w\" sizes=\"auto, (max-width: 1024px) 100vw, 1024px\" \/>\t\t\t\t\t\t\t\t\t\t\t\t\t\t\t<\/div>\n\t\t\t\t<\/div>\n\t\t\t\t\t<\/div>\n\t\t<\/div>\n\t\t\t\t\t\t\t<\/div>\n\t\t<\/section>\n\t\t\t\t<section class=\"elementor-section elementor-top-section elementor-element elementor-element-5e37153 elementor-section-boxed elementor-section-height-default elementor-section-height-default\" data-id=\"5e37153\" data-element_type=\"section\">\n\t\t\t\t\t\t<div class=\"elementor-container elementor-column-gap-default\">\n\t\t\t\t\t<div class=\"elementor-column elementor-col-50 elementor-top-column elementor-element elementor-element-244c966\" data-id=\"244c966\" data-element_type=\"column\">\n\t\t\t<div class=\"elementor-widget-wrap elementor-element-populated\">\n\t\t\t\t\t\t\t\t<div class=\"elementor-element elementor-element-d82853d elementor-widget elementor-widget-image\" data-id=\"d82853d\" data-element_type=\"widget\" data-widget_type=\"image.default\">\n\t\t\t\t<div class=\"elementor-widget-container\">\n\t\t\t\t\t\t\t\t\t\t\t\t\t\t\t<img loading=\"lazy\" decoding=\"async\" width=\"1024\" height=\"576\" src=\"https:\/\/livredition.com\/wp-content\/uploads\/2021\/10\/eliayan_pic-inconnues-1-1024x576.jpg\" class=\"attachment-large size-large wp-image-623\" alt=\"\" srcset=\"https:\/\/livredition.com\/wp-content\/uploads\/2021\/10\/eliayan_pic-inconnues-1-1024x576.jpg 1024w, https:\/\/livredition.com\/wp-content\/uploads\/2021\/10\/eliayan_pic-inconnues-1-600x338.jpg 600w, https:\/\/livredition.com\/wp-content\/uploads\/2021\/10\/eliayan_pic-inconnues-1-300x169.jpg 300w, https:\/\/livredition.com\/wp-content\/uploads\/2021\/10\/eliayan_pic-inconnues-1-768x432.jpg 768w, https:\/\/livredition.com\/wp-content\/uploads\/2021\/10\/eliayan_pic-inconnues-1.jpg 1200w\" sizes=\"auto, (max-width: 1024px) 100vw, 1024px\" \/>\t\t\t\t\t\t\t\t\t\t\t\t\t\t\t<\/div>\n\t\t\t\t<\/div>\n\t\t\t\t\t<\/div>\n\t\t<\/div>\n\t\t\t\t<div class=\"elementor-column elementor-col-50 elementor-top-column elementor-element elementor-element-76edf41\" data-id=\"76edf41\" data-element_type=\"column\">\n\t\t\t<div class=\"elementor-widget-wrap elementor-element-populated\">\n\t\t\t\t\t\t\t\t<div class=\"elementor-element elementor-element-c6157d8 elementor-widget elementor-widget-image\" data-id=\"c6157d8\" data-element_type=\"widget\" data-widget_type=\"image.default\">\n\t\t\t\t<div class=\"elementor-widget-container\">\n\t\t\t\t\t\t\t\t\t\t\t\t\t\t\t<img loading=\"lazy\" decoding=\"async\" width=\"1024\" height=\"576\" src=\"https:\/\/livredition.com\/wp-content\/uploads\/2021\/10\/eliayan_pic-inconnues-1024x576.jpg\" class=\"attachment-large size-large wp-image-622\" alt=\"\" srcset=\"https:\/\/livredition.com\/wp-content\/uploads\/2021\/10\/eliayan_pic-inconnues-1024x576.jpg 1024w, https:\/\/livredition.com\/wp-content\/uploads\/2021\/10\/eliayan_pic-inconnues-600x338.jpg 600w, https:\/\/livredition.com\/wp-content\/uploads\/2021\/10\/eliayan_pic-inconnues-300x169.jpg 300w, https:\/\/livredition.com\/wp-content\/uploads\/2021\/10\/eliayan_pic-inconnues-768x432.jpg 768w, https:\/\/livredition.com\/wp-content\/uploads\/2021\/10\/eliayan_pic-inconnues.jpg 1200w\" sizes=\"auto, (max-width: 1024px) 100vw, 1024px\" \/>\t\t\t\t\t\t\t\t\t\t\t\t\t\t\t<\/div>\n\t\t\t\t<\/div>\n\t\t\t\t\t<\/div>\n\t\t<\/div>\n\t\t\t\t\t\t\t<\/div>\n\t\t<\/section>\n\t\t\t\t<section class=\"elementor-section elementor-top-section elementor-element elementor-element-c53a392 elementor-section-boxed elementor-section-height-default elementor-section-height-default\" data-id=\"c53a392\" data-element_type=\"section\">\n\t\t\t\t\t\t<div class=\"elementor-container elementor-column-gap-default\">\n\t\t\t\t\t<div class=\"elementor-column elementor-col-100 elementor-top-column elementor-element elementor-element-f7b5108\" data-id=\"f7b5108\" data-element_type=\"column\">\n\t\t\t<div class=\"elementor-widget-wrap elementor-element-populated\">\n\t\t\t\t\t\t\t\t<div class=\"elementor-element elementor-element-9190618 elementor-widget elementor-widget-image\" data-id=\"9190618\" data-element_type=\"widget\" data-widget_type=\"image.default\">\n\t\t\t\t<div class=\"elementor-widget-container\">\n\t\t\t\t\t\t\t\t\t\t\t\t\t\t\t<img loading=\"lazy\" decoding=\"async\" width=\"1024\" height=\"576\" src=\"https:\/\/livredition.com\/wp-content\/uploads\/2021\/10\/eliayan_pic_inconnues-1024x576.jpg\" class=\"attachment-large size-large wp-image-621\" alt=\"\" srcset=\"https:\/\/livredition.com\/wp-content\/uploads\/2021\/10\/eliayan_pic_inconnues-1024x576.jpg 1024w, https:\/\/livredition.com\/wp-content\/uploads\/2021\/10\/eliayan_pic_inconnues-600x338.jpg 600w, https:\/\/livredition.com\/wp-content\/uploads\/2021\/10\/eliayan_pic_inconnues-300x169.jpg 300w, https:\/\/livredition.com\/wp-content\/uploads\/2021\/10\/eliayan_pic_inconnues-768x432.jpg 768w, https:\/\/livredition.com\/wp-content\/uploads\/2021\/10\/eliayan_pic_inconnues.jpg 1200w\" sizes=\"auto, (max-width: 1024px) 100vw, 1024px\" \/>\t\t\t\t\t\t\t\t\t\t\t\t\t\t\t<\/div>\n\t\t\t\t<\/div>\n\t\t\t\t\t<\/div>\n\t\t<\/div>\n\t\t\t\t\t\t\t<\/div>\n\t\t<\/section>\n\t\t\t\t<section class=\"elementor-section elementor-top-section elementor-element elementor-element-b685b7a elementor-section-boxed elementor-section-height-default elementor-section-height-default\" data-id=\"b685b7a\" data-element_type=\"section\">\n\t\t\t\t\t\t<div class=\"elementor-container elementor-column-gap-default\">\n\t\t\t\t\t<div class=\"elementor-column elementor-col-100 elementor-top-column elementor-element elementor-element-e2e3f4a\" data-id=\"e2e3f4a\" data-element_type=\"column\">\n\t\t\t<div class=\"elementor-widget-wrap elementor-element-populated\">\n\t\t\t\t\t\t\t\t<div class=\"elementor-element elementor-element-25de98e elementor-widget elementor-widget-image\" data-id=\"25de98e\" data-element_type=\"widget\" data-widget_type=\"image.default\">\n\t\t\t\t<div class=\"elementor-widget-container\">\n\t\t\t\t\t\t\t\t\t\t\t\t\t\t\t<img loading=\"lazy\" decoding=\"async\" width=\"1024\" height=\"576\" src=\"https:\/\/livredition.com\/wp-content\/uploads\/2021\/10\/c-pic-et-a-eliayan-inconnues-1024x576.jpg\" class=\"attachment-large size-large wp-image-620\" alt=\"\" srcset=\"https:\/\/livredition.com\/wp-content\/uploads\/2021\/10\/c-pic-et-a-eliayan-inconnues-1024x576.jpg 1024w, https:\/\/livredition.com\/wp-content\/uploads\/2021\/10\/c-pic-et-a-eliayan-inconnues-600x338.jpg 600w, https:\/\/livredition.com\/wp-content\/uploads\/2021\/10\/c-pic-et-a-eliayan-inconnues-300x169.jpg 300w, https:\/\/livredition.com\/wp-content\/uploads\/2021\/10\/c-pic-et-a-eliayan-inconnues-768x432.jpg 768w, https:\/\/livredition.com\/wp-content\/uploads\/2021\/10\/c-pic-et-a-eliayan-inconnues.jpg 1200w\" sizes=\"auto, (max-width: 1024px) 100vw, 1024px\" \/>\t\t\t\t\t\t\t\t\t\t\t\t\t\t\t<\/div>\n\t\t\t\t<\/div>\n\t\t\t\t\t<\/div>\n\t\t<\/div>\n\t\t\t\t\t\t\t<\/div>\n\t\t<\/section>\n\t\t\t\t<section class=\"elementor-section elementor-top-section elementor-element elementor-element-7cb880a elementor-section-boxed elementor-section-height-default elementor-section-height-default\" data-id=\"7cb880a\" data-element_type=\"section\">\n\t\t\t\t\t\t<div class=\"elementor-container elementor-column-gap-default\">\n\t\t\t\t\t<div class=\"elementor-column elementor-col-50 elementor-top-column elementor-element elementor-element-8ccc066\" data-id=\"8ccc066\" data-element_type=\"column\">\n\t\t\t<div class=\"elementor-widget-wrap elementor-element-populated\">\n\t\t\t\t\t\t\t\t<div class=\"elementor-element elementor-element-576000f elementor-widget elementor-widget-image\" data-id=\"576000f\" data-element_type=\"widget\" data-widget_type=\"image.default\">\n\t\t\t\t<div class=\"elementor-widget-container\">\n\t\t\t\t\t\t\t\t\t\t\t\t\t\t\t<img loading=\"lazy\" decoding=\"async\" width=\"1024\" height=\"576\" src=\"https:\/\/livredition.com\/wp-content\/uploads\/2021\/10\/anne-eliayan-et-christian-pic-inconnues-1024x576.jpg\" class=\"attachment-large size-large wp-image-619\" alt=\"\" srcset=\"https:\/\/livredition.com\/wp-content\/uploads\/2021\/10\/anne-eliayan-et-christian-pic-inconnues-1024x576.jpg 1024w, https:\/\/livredition.com\/wp-content\/uploads\/2021\/10\/anne-eliayan-et-christian-pic-inconnues-600x338.jpg 600w, https:\/\/livredition.com\/wp-content\/uploads\/2021\/10\/anne-eliayan-et-christian-pic-inconnues-300x169.jpg 300w, https:\/\/livredition.com\/wp-content\/uploads\/2021\/10\/anne-eliayan-et-christian-pic-inconnues-768x432.jpg 768w, https:\/\/livredition.com\/wp-content\/uploads\/2021\/10\/anne-eliayan-et-christian-pic-inconnues.jpg 1200w\" sizes=\"auto, (max-width: 1024px) 100vw, 1024px\" \/>\t\t\t\t\t\t\t\t\t\t\t\t\t\t\t<\/div>\n\t\t\t\t<\/div>\n\t\t\t\t\t<\/div>\n\t\t<\/div>\n\t\t\t\t<div class=\"elementor-column elementor-col-50 elementor-top-column elementor-element elementor-element-a222a0a\" data-id=\"a222a0a\" data-element_type=\"column\">\n\t\t\t<div class=\"elementor-widget-wrap elementor-element-populated\">\n\t\t\t\t\t\t\t\t<div class=\"elementor-element elementor-element-810c5d2 elementor-widget elementor-widget-image\" data-id=\"810c5d2\" data-element_type=\"widget\" data-widget_type=\"image.default\">\n\t\t\t\t<div class=\"elementor-widget-container\">\n\t\t\t\t\t\t\t\t\t\t\t\t\t\t\t<img loading=\"lazy\" decoding=\"async\" width=\"1024\" height=\"576\" src=\"https:\/\/livredition.com\/wp-content\/uploads\/2021\/10\/anne-eliayan-et-christian-pic_inconnues-1024x576.jpg\" class=\"attachment-large size-large wp-image-618\" alt=\"\" srcset=\"https:\/\/livredition.com\/wp-content\/uploads\/2021\/10\/anne-eliayan-et-christian-pic_inconnues-1024x576.jpg 1024w, https:\/\/livredition.com\/wp-content\/uploads\/2021\/10\/anne-eliayan-et-christian-pic_inconnues-600x338.jpg 600w, https:\/\/livredition.com\/wp-content\/uploads\/2021\/10\/anne-eliayan-et-christian-pic_inconnues-300x169.jpg 300w, https:\/\/livredition.com\/wp-content\/uploads\/2021\/10\/anne-eliayan-et-christian-pic_inconnues-768x432.jpg 768w, https:\/\/livredition.com\/wp-content\/uploads\/2021\/10\/anne-eliayan-et-christian-pic_inconnues.jpg 1200w\" sizes=\"auto, (max-width: 1024px) 100vw, 1024px\" \/>\t\t\t\t\t\t\t\t\t\t\t\t\t\t\t<\/div>\n\t\t\t\t<\/div>\n\t\t\t\t\t<\/div>\n\t\t<\/div>\n\t\t\t\t\t\t\t<\/div>\n\t\t<\/section>\n\t\t\t\t<section class=\"elementor-section elementor-top-section elementor-element elementor-element-395fcfd elementor-section-boxed elementor-section-height-default elementor-section-height-default\" data-id=\"395fcfd\" data-element_type=\"section\">\n\t\t\t\t\t\t<div class=\"elementor-container elementor-column-gap-default\">\n\t\t\t\t\t<div class=\"elementor-column elementor-col-100 elementor-top-column elementor-element elementor-element-103da0e\" data-id=\"103da0e\" data-element_type=\"column\">\n\t\t\t<div class=\"elementor-widget-wrap elementor-element-populated\">\n\t\t\t\t\t\t\t\t<div class=\"elementor-element elementor-element-29ad1f9 elementor-widget elementor-widget-image\" data-id=\"29ad1f9\" data-element_type=\"widget\" data-widget_type=\"image.default\">\n\t\t\t\t<div class=\"elementor-widget-container\">\n\t\t\t\t\t\t\t\t\t\t\t\t\t\t\t<img loading=\"lazy\" decoding=\"async\" width=\"1024\" height=\"576\" src=\"https:\/\/livredition.com\/wp-content\/uploads\/2021\/10\/anne-eliayan_christian-pic-inconnues-1024x576.jpg\" class=\"attachment-large size-large wp-image-617\" alt=\"\" srcset=\"https:\/\/livredition.com\/wp-content\/uploads\/2021\/10\/anne-eliayan_christian-pic-inconnues-1024x576.jpg 1024w, https:\/\/livredition.com\/wp-content\/uploads\/2021\/10\/anne-eliayan_christian-pic-inconnues-600x338.jpg 600w, https:\/\/livredition.com\/wp-content\/uploads\/2021\/10\/anne-eliayan_christian-pic-inconnues-300x169.jpg 300w, https:\/\/livredition.com\/wp-content\/uploads\/2021\/10\/anne-eliayan_christian-pic-inconnues-768x432.jpg 768w, https:\/\/livredition.com\/wp-content\/uploads\/2021\/10\/anne-eliayan_christian-pic-inconnues.jpg 1200w\" sizes=\"auto, (max-width: 1024px) 100vw, 1024px\" \/>\t\t\t\t\t\t\t\t\t\t\t\t\t\t\t<\/div>\n\t\t\t\t<\/div>\n\t\t\t\t\t<\/div>\n\t\t<\/div>\n\t\t\t\t\t\t\t<\/div>\n\t\t<\/section>\n\t\t\t\t<section class=\"elementor-section elementor-top-section elementor-element elementor-element-c38bb47 elementor-section-boxed elementor-section-height-default elementor-section-height-default\" data-id=\"c38bb47\" data-element_type=\"section\">\n\t\t\t\t\t\t<div class=\"elementor-container elementor-column-gap-default\">\n\t\t\t\t\t<div class=\"elementor-column elementor-col-100 elementor-top-column elementor-element elementor-element-8523b94\" data-id=\"8523b94\" data-element_type=\"column\">\n\t\t\t<div class=\"elementor-widget-wrap elementor-element-populated\">\n\t\t\t\t\t\t\t\t<div class=\"elementor-element elementor-element-8082958 elementor-widget elementor-widget-text-editor\" data-id=\"8082958\" data-element_type=\"widget\" data-widget_type=\"text-editor.default\">\n\t\t\t\t<div class=\"elementor-widget-container\">\n\t\t\t\t\t\t\t<p>\u00a9 Images et textes soumis \u00e0 droits d\u2019auteurs.<br \/>Anne Eliayan et Christian Pic pour les \u00c9ditions Vivre Livre Vivre Libre 2021<\/p>\t\t\t\t\t\t<\/div>\n\t\t\t\t<\/div>\n\t\t\t\t\t<\/div>\n\t\t<\/div>\n\t\t\t\t\t\t\t<\/div>\n\t\t<\/section>\n\t\t\t\t\t\t\t<\/div>\n\t\t","protected":false},"excerpt":{"rendered":"<p>INCONNUES Po\u00e9sies en fran\u00e7ais et en anglais. Il \u00e9tait une fois, des photos jet\u00e9es sur le trottoir, des femmes d\u00e9nud\u00e9es, anonymes. Nous avons voulu travailler l\u2019espace fragile qui dort bien en-dessous de la peau. Le regard ne traverse rien. Si une \u00e2me existe elle se cache bien au del\u00e0 de l\u2019apparence.&nbsp; \u00a9 Images et textes&#8230;<\/p>\n","protected":false},"author":1,"featured_media":0,"parent":151,"menu_order":95,"comment_status":"closed","ping_status":"closed","template":"","meta":{"footnotes":""},"class_list":["post-340","page","type-page","status-publish","hentry"],"_links":{"self":[{"href":"https:\/\/livredition.com\/index.php\/wp-json\/wp\/v2\/pages\/340","targetHints":{"allow":["GET"]}}],"collection":[{"href":"https:\/\/livredition.com\/index.php\/wp-json\/wp\/v2\/pages"}],"about":[{"href":"https:\/\/livredition.com\/index.php\/wp-json\/wp\/v2\/types\/page"}],"author":[{"embeddable":true,"href":"https:\/\/livredition.com\/index.php\/wp-json\/wp\/v2\/users\/1"}],"replies":[{"embeddable":true,"href":"https:\/\/livredition.com\/index.php\/wp-json\/wp\/v2\/comments?post=340"}],"version-history":[{"count":14,"href":"https:\/\/livredition.com\/index.php\/wp-json\/wp\/v2\/pages\/340\/revisions"}],"predecessor-version":[{"id":634,"href":"https:\/\/livredition.com\/index.php\/wp-json\/wp\/v2\/pages\/340\/revisions\/634"}],"up":[{"embeddable":true,"href":"https:\/\/livredition.com\/index.php\/wp-json\/wp\/v2\/pages\/151"}],"wp:attachment":[{"href":"https:\/\/livredition.com\/index.php\/wp-json\/wp\/v2\/media?parent=340"}],"curies":[{"name":"wp","href":"https:\/\/api.w.org\/{rel}","templated":true}]}}