{"id":1302,"date":"2025-04-30T14:31:06","date_gmt":"2025-04-30T12:31:06","guid":{"rendered":"https:\/\/livredition.com\/?page_id=1302"},"modified":"2025-05-02T13:20:20","modified_gmt":"2025-05-02T11:20:20","slug":"green-3","status":"publish","type":"page","link":"https:\/\/livredition.com\/index.php\/poesie\/green-3\/","title":{"rendered":"GREEN"},"content":{"rendered":"\t\t<div data-elementor-type=\"wp-page\" data-elementor-id=\"1302\" class=\"elementor elementor-1302\">\n\t\t\t\t\t\t\t\t\t<section class=\"elementor-section elementor-top-section elementor-element elementor-element-326093b elementor-section-boxed elementor-section-height-default elementor-section-height-default\" data-id=\"326093b\" data-element_type=\"section\">\n\t\t\t\t\t\t<div class=\"elementor-container elementor-column-gap-default\">\n\t\t\t\t\t<div class=\"elementor-column elementor-col-100 elementor-top-column elementor-element elementor-element-2c6bb0b\" data-id=\"2c6bb0b\" data-element_type=\"column\">\n\t\t\t<div class=\"elementor-widget-wrap elementor-element-populated\">\n\t\t\t\t\t\t\t\t<div class=\"elementor-element elementor-element-2eb0a97 elementor-widget elementor-widget-heading\" data-id=\"2eb0a97\" data-element_type=\"widget\" data-widget_type=\"heading.default\">\n\t\t\t\t<div class=\"elementor-widget-container\">\n\t\t\t<style>\/*! elementor - v3.12.1 - 02-04-2023 *\/\n.elementor-heading-title{padding:0;margin:0;line-height:1}.elementor-widget-heading .elementor-heading-title[class*=elementor-size-]>a{color:inherit;font-size:inherit;line-height:inherit}.elementor-widget-heading .elementor-heading-title.elementor-size-small{font-size:15px}.elementor-widget-heading .elementor-heading-title.elementor-size-medium{font-size:19px}.elementor-widget-heading .elementor-heading-title.elementor-size-large{font-size:29px}.elementor-widget-heading .elementor-heading-title.elementor-size-xl{font-size:39px}.elementor-widget-heading .elementor-heading-title.elementor-size-xxl{font-size:59px}<\/style><h2 class=\"elementor-heading-title elementor-size-default\">Green<\/h2>\t\t<\/div>\n\t\t\t\t<\/div>\n\t\t\t\t\t<\/div>\n\t\t<\/div>\n\t\t\t\t\t\t\t<\/div>\n\t\t<\/section>\n\t\t\t\t<section class=\"elementor-section elementor-top-section elementor-element elementor-element-9b02715 elementor-section-boxed elementor-section-height-default elementor-section-height-default\" data-id=\"9b02715\" data-element_type=\"section\">\n\t\t\t\t\t\t<div class=\"elementor-container elementor-column-gap-default\">\n\t\t\t\t\t<div class=\"elementor-column elementor-col-50 elementor-top-column elementor-element elementor-element-fb54f10\" data-id=\"fb54f10\" data-element_type=\"column\">\n\t\t\t<div class=\"elementor-widget-wrap elementor-element-populated\">\n\t\t\t\t\t\t\t\t<div class=\"elementor-element elementor-element-47e6ca9 elementor-widget elementor-widget-image\" data-id=\"47e6ca9\" data-element_type=\"widget\" data-widget_type=\"image.default\">\n\t\t\t\t<div class=\"elementor-widget-container\">\n\t\t\t<style>\/*! elementor - v3.12.1 - 02-04-2023 *\/\n.elementor-widget-image{text-align:center}.elementor-widget-image a{display:inline-block}.elementor-widget-image a img[src$=\".svg\"]{width:48px}.elementor-widget-image img{vertical-align:middle;display:inline-block}<\/style>\t\t\t\t\t\t\t\t\t\t\t\t<img loading=\"lazy\" decoding=\"async\" width=\"1020\" height=\"1024\" src=\"https:\/\/livredition.com\/wp-content\/uploads\/2025\/04\/green-1020x1024.jpg\" class=\"attachment-large size-large wp-image-1298\" alt=\"une recherche sur l&#039;eau verte et sur la n\u00e9cessaire rationalisation de l&#039;utilisation de l&#039;eau\" srcset=\"https:\/\/livredition.com\/wp-content\/uploads\/2025\/04\/green-1020x1024.jpg 1020w, https:\/\/livredition.com\/wp-content\/uploads\/2025\/04\/green-100x100.jpg 100w, https:\/\/livredition.com\/wp-content\/uploads\/2025\/04\/green-600x602.jpg 600w, https:\/\/livredition.com\/wp-content\/uploads\/2025\/04\/green-300x300.jpg 300w, https:\/\/livredition.com\/wp-content\/uploads\/2025\/04\/green-150x150.jpg 150w, https:\/\/livredition.com\/wp-content\/uploads\/2025\/04\/green-768x771.jpg 768w, https:\/\/livredition.com\/wp-content\/uploads\/2025\/04\/green-70x70.jpg 70w, https:\/\/livredition.com\/wp-content\/uploads\/2025\/04\/green-310x310.jpg 310w, https:\/\/livredition.com\/wp-content\/uploads\/2025\/04\/green-580x582.jpg 580w, https:\/\/livredition.com\/wp-content\/uploads\/2025\/04\/green-860x863.jpg 860w, https:\/\/livredition.com\/wp-content\/uploads\/2025\/04\/green.jpg 1112w\" sizes=\"auto, (max-width: 1020px) 100vw, 1020px\" \/>\t\t\t\t\t\t\t\t\t\t\t\t\t\t\t<\/div>\n\t\t\t\t<\/div>\n\t\t\t\t\t<\/div>\n\t\t<\/div>\n\t\t\t\t<div class=\"elementor-column elementor-col-50 elementor-top-column elementor-element elementor-element-9d10e0c\" data-id=\"9d10e0c\" data-element_type=\"column\">\n\t\t\t<div class=\"elementor-widget-wrap elementor-element-populated\">\n\t\t\t\t\t\t\t\t<div class=\"elementor-element elementor-element-a358136 elementor-widget elementor-widget-text-editor\" data-id=\"a358136\" data-element_type=\"widget\" data-widget_type=\"text-editor.default\">\n\t\t\t\t<div class=\"elementor-widget-container\">\n\t\t\t<style>\/*! elementor - v3.12.1 - 02-04-2023 *\/\n.elementor-widget-text-editor.elementor-drop-cap-view-stacked .elementor-drop-cap{background-color:#69727d;color:#fff}.elementor-widget-text-editor.elementor-drop-cap-view-framed .elementor-drop-cap{color:#69727d;border:3px solid;background-color:transparent}.elementor-widget-text-editor:not(.elementor-drop-cap-view-default) .elementor-drop-cap{margin-top:8px}.elementor-widget-text-editor:not(.elementor-drop-cap-view-default) .elementor-drop-cap-letter{width:1em;height:1em}.elementor-widget-text-editor .elementor-drop-cap{float:left;text-align:center;line-height:1;font-size:50px}.elementor-widget-text-editor .elementor-drop-cap-letter{display:inline-block}<\/style>\t\t\t\t<p style=\"text-align: left;\">Ann\u00e9e de parution : 2022<\/p><p style=\"text-align: left;\">Auteurs : Anne Eliayan et Christian Pic<\/p><p style=\"text-align: left;\">Nombre de pages : 138<\/p><p style=\"text-align: left;\">Format : 21X21cm<\/p><p style=\"text-align: left;\">ISBN : 978-2-490847-31-0<\/p><p style=\"text-align: left;\">Prix : 27 \u20ac<\/p><p style=\"text-align: left;\">Arles Gallery 8 rue de la Libert\u00e9 13200 Arles<\/p><p style=\"text-align: left;\">contact : 06 59 35 57 51 | anne.eliayan@gmail.com<\/p>\t\t\t\t\t\t<\/div>\n\t\t\t\t<\/div>\n\t\t\t\t\t<\/div>\n\t\t<\/div>\n\t\t\t\t\t\t\t<\/div>\n\t\t<\/section>\n\t\t\t\t<section class=\"elementor-section elementor-top-section elementor-element elementor-element-27d59d4 elementor-section-boxed elementor-section-height-default elementor-section-height-default\" data-id=\"27d59d4\" data-element_type=\"section\">\n\t\t\t\t\t\t<div class=\"elementor-container elementor-column-gap-default\">\n\t\t\t\t\t<div class=\"elementor-column elementor-col-100 elementor-top-column elementor-element elementor-element-910b9da\" data-id=\"910b9da\" data-element_type=\"column\">\n\t\t\t<div class=\"elementor-widget-wrap elementor-element-populated\">\n\t\t\t\t\t\t\t\t<div class=\"elementor-element elementor-element-374cb26 elementor-widget elementor-widget-text-editor\" data-id=\"374cb26\" data-element_type=\"widget\" data-widget_type=\"text-editor.default\">\n\t\t\t\t<div class=\"elementor-widget-container\">\n\t\t\t\t\t\t\tL\u2019interpr\u00e9tation que nous livrons ici porte sur le rapport de l&rsquo;homme \u00e0 la nature qu&rsquo;il contraint.<br>Un travail qui nous interroge sur l&rsquo;essence des liens qui nous attachent \u00e0 la nature, de la reconstruction d&rsquo;un jardin d&rsquo;Eden dans lequel l&rsquo;homme est le gardien autant que le jardinier, au jardin de Len\u00f4tre \u00e0 Versailles, en passant par les jardins suspendus de Babylone.<br>L&rsquo;humain r\u00eave, innove, construit, irrigue et entretien un imaginaire \u00ab\u00a0sauvage\u00a0\u00bb lui permettant de se reconnecter avec ses origines et sa nature profonde, \u00e0 travers le filigrane du vert et des propri\u00e9t\u00e9s de cette couleur qui impr\u00e8gne une nature \u00e9ternellement recherch\u00e9e.<br>Le vert, quel choix pourrait \u00eatre plus adapt\u00e9 dans un monde boulevers\u00e9 par des logiques mondialistes autant qu&rsquo;individualistes, \u00e9cologiques et consum\u00e9ristes.<br>Le vert colore l&rsquo;imaginaire, prenons un moment pour en explorer ses r\u00e9f\u00e9rences, ses analogies, ses repr\u00e9sentations.\t\t\t\t\t\t<\/div>\n\t\t\t\t<\/div>\n\t\t\t\t\t<\/div>\n\t\t<\/div>\n\t\t\t\t\t\t\t<\/div>\n\t\t<\/section>\n\t\t\t\t<section class=\"elementor-section elementor-top-section elementor-element elementor-element-c080977 elementor-section-boxed elementor-section-height-default elementor-section-height-default\" data-id=\"c080977\" data-element_type=\"section\">\n\t\t\t\t\t\t<div class=\"elementor-container elementor-column-gap-default\">\n\t\t\t\t\t<div class=\"elementor-column elementor-col-50 elementor-top-column elementor-element elementor-element-5a2ffd9\" data-id=\"5a2ffd9\" data-element_type=\"column\">\n\t\t\t<div class=\"elementor-widget-wrap\">\n\t\t\t\t\t\t\t\t\t<\/div>\n\t\t<\/div>\n\t\t\t\t<div class=\"elementor-column elementor-col-50 elementor-top-column elementor-element elementor-element-ef94571\" data-id=\"ef94571\" data-element_type=\"column\">\n\t\t\t<div class=\"elementor-widget-wrap\">\n\t\t\t\t\t\t\t\t\t<\/div>\n\t\t<\/div>\n\t\t\t\t\t\t\t<\/div>\n\t\t<\/section>\n\t\t\t\t\t\t\t<\/div>\n\t\t","protected":false},"excerpt":{"rendered":"<p>Green Ann\u00e9e de parution : 2022 Auteurs : Anne Eliayan et Christian Pic Nombre de pages : 138 Format : 21X21cm ISBN : 978-2-490847-31-0 Prix : 27 \u20ac Arles Gallery 8 rue de la Libert\u00e9 13200 Arles contact : 06 59 35 57 51 | anne.eliayan@gmail.com L\u2019interpr\u00e9tation que nous livrons ici porte sur le rapport&#8230;<\/p>\n","protected":false},"author":1,"featured_media":0,"parent":151,"menu_order":0,"comment_status":"closed","ping_status":"closed","template":"","meta":{"footnotes":""},"class_list":["post-1302","page","type-page","status-publish","hentry"],"_links":{"self":[{"href":"https:\/\/livredition.com\/index.php\/wp-json\/wp\/v2\/pages\/1302","targetHints":{"allow":["GET"]}}],"collection":[{"href":"https:\/\/livredition.com\/index.php\/wp-json\/wp\/v2\/pages"}],"about":[{"href":"https:\/\/livredition.com\/index.php\/wp-json\/wp\/v2\/types\/page"}],"author":[{"embeddable":true,"href":"https:\/\/livredition.com\/index.php\/wp-json\/wp\/v2\/users\/1"}],"replies":[{"embeddable":true,"href":"https:\/\/livredition.com\/index.php\/wp-json\/wp\/v2\/comments?post=1302"}],"version-history":[{"count":25,"href":"https:\/\/livredition.com\/index.php\/wp-json\/wp\/v2\/pages\/1302\/revisions"}],"predecessor-version":[{"id":1357,"href":"https:\/\/livredition.com\/index.php\/wp-json\/wp\/v2\/pages\/1302\/revisions\/1357"}],"up":[{"embeddable":true,"href":"https:\/\/livredition.com\/index.php\/wp-json\/wp\/v2\/pages\/151"}],"wp:attachment":[{"href":"https:\/\/livredition.com\/index.php\/wp-json\/wp\/v2\/media?parent=1302"}],"curies":[{"name":"wp","href":"https:\/\/api.w.org\/{rel}","templated":true}]}}