{"id":1093,"date":"2025-04-25T17:06:36","date_gmt":"2025-04-25T15:06:36","guid":{"rendered":"https:\/\/livredition.com\/?page_id=1093"},"modified":"2025-04-28T12:54:13","modified_gmt":"2025-04-28T10:54:13","slug":"arles-insolites","status":"publish","type":"page","link":"https:\/\/livredition.com\/index.php\/patrimoine\/arles-insolites\/","title":{"rendered":"Arles Insolite"},"content":{"rendered":"\t\t<div data-elementor-type=\"wp-page\" data-elementor-id=\"1093\" class=\"elementor elementor-1093\">\n\t\t\t\t\t\t\t\t\t<section class=\"elementor-section elementor-top-section elementor-element elementor-element-56bcdea elementor-section-boxed elementor-section-height-default elementor-section-height-default\" data-id=\"56bcdea\" data-element_type=\"section\">\n\t\t\t\t\t\t<div class=\"elementor-container elementor-column-gap-default\">\n\t\t\t\t\t<div class=\"elementor-column elementor-col-50 elementor-top-column elementor-element elementor-element-4b793ac\" data-id=\"4b793ac\" data-element_type=\"column\">\n\t\t\t<div class=\"elementor-widget-wrap elementor-element-populated\">\n\t\t\t\t\t\t\t\t<div class=\"elementor-element elementor-element-b83ac08 elementor-widget elementor-widget-image\" data-id=\"b83ac08\" data-element_type=\"widget\" data-widget_type=\"image.default\">\n\t\t\t\t<div class=\"elementor-widget-container\">\n\t\t\t<style>\/*! elementor - v3.12.1 - 02-04-2023 *\/\n.elementor-widget-image{text-align:center}.elementor-widget-image a{display:inline-block}.elementor-widget-image a img[src$=\".svg\"]{width:48px}.elementor-widget-image img{vertical-align:middle;display:inline-block}<\/style>\t\t\t\t\t\t\t\t\t\t\t\t<img loading=\"lazy\" decoding=\"async\" width=\"1024\" height=\"1024\" src=\"https:\/\/livredition.com\/wp-content\/uploads\/2025\/04\/Arles-insolite-1-1024x1024.jpg\" class=\"attachment-large size-large wp-image-1086\" alt=\"\" srcset=\"https:\/\/livredition.com\/wp-content\/uploads\/2025\/04\/Arles-insolite-1-1024x1024.jpg 1024w, https:\/\/livredition.com\/wp-content\/uploads\/2025\/04\/Arles-insolite-1-540x540.jpg 540w, https:\/\/livredition.com\/wp-content\/uploads\/2025\/04\/Arles-insolite-1-100x100.jpg 100w, https:\/\/livredition.com\/wp-content\/uploads\/2025\/04\/Arles-insolite-1-600x600.jpg 600w, https:\/\/livredition.com\/wp-content\/uploads\/2025\/04\/Arles-insolite-1-300x300.jpg 300w, https:\/\/livredition.com\/wp-content\/uploads\/2025\/04\/Arles-insolite-1-150x150.jpg 150w, https:\/\/livredition.com\/wp-content\/uploads\/2025\/04\/Arles-insolite-1-768x768.jpg 768w, https:\/\/livredition.com\/wp-content\/uploads\/2025\/04\/Arles-insolite-1-70x70.jpg 70w, https:\/\/livredition.com\/wp-content\/uploads\/2025\/04\/Arles-insolite-1-310x310.jpg 310w, https:\/\/livredition.com\/wp-content\/uploads\/2025\/04\/Arles-insolite-1-580x580.jpg 580w, https:\/\/livredition.com\/wp-content\/uploads\/2025\/04\/Arles-insolite-1-860x860.jpg 860w, https:\/\/livredition.com\/wp-content\/uploads\/2025\/04\/Arles-insolite-1-1160x1160.jpg 1160w, https:\/\/livredition.com\/wp-content\/uploads\/2025\/04\/Arles-insolite-1.jpg 1200w\" sizes=\"auto, (max-width: 1024px) 100vw, 1024px\" \/>\t\t\t\t\t\t\t\t\t\t\t\t\t\t\t<\/div>\n\t\t\t\t<\/div>\n\t\t\t\t<div class=\"elementor-element elementor-element-ae44c98 elementor-widget elementor-widget-heading\" data-id=\"ae44c98\" data-element_type=\"widget\" data-widget_type=\"heading.default\">\n\t\t\t\t<div class=\"elementor-widget-container\">\n\t\t\t<style>\/*! elementor - v3.12.1 - 02-04-2023 *\/\n.elementor-heading-title{padding:0;margin:0;line-height:1}.elementor-widget-heading .elementor-heading-title[class*=elementor-size-]>a{color:inherit;font-size:inherit;line-height:inherit}.elementor-widget-heading .elementor-heading-title.elementor-size-small{font-size:15px}.elementor-widget-heading .elementor-heading-title.elementor-size-medium{font-size:19px}.elementor-widget-heading .elementor-heading-title.elementor-size-large{font-size:29px}.elementor-widget-heading .elementor-heading-title.elementor-size-xl{font-size:39px}.elementor-widget-heading .elementor-heading-title.elementor-size-xxl{font-size:59px}<\/style><h4 class=\"elementor-heading-title elementor-size-default\">BILINGUE FRAN\u00c7AIS\/ANGLAIS<\/h4>\t\t<\/div>\n\t\t\t\t<\/div>\n\t\t\t\t\t<\/div>\n\t\t<\/div>\n\t\t\t\t<div class=\"elementor-column elementor-col-50 elementor-top-column elementor-element elementor-element-c7d97e7\" data-id=\"c7d97e7\" data-element_type=\"column\">\n\t\t\t<div class=\"elementor-widget-wrap elementor-element-populated\">\n\t\t\t\t\t\t\t\t<div class=\"elementor-element elementor-element-782c5e8 elementor-widget elementor-widget-heading\" data-id=\"782c5e8\" data-element_type=\"widget\" data-widget_type=\"heading.default\">\n\t\t\t\t<div class=\"elementor-widget-container\">\n\t\t\t<h2 class=\"elementor-heading-title elementor-size-default\"><h2 class=\"elementor-heading-title elementor-size-default elementor-inline-editing pen\" data-elementor-setting-key=\"title\" data-pen-placeholder=\"\u00c9crivez ici...\" style=\"background-color: rgb(250, 248, 242); font-weight: 600; font-family: Roboto, sans-serif; color: rgb(110, 193, 228);\">Arles,\nINSOLITE\n<\/h2><span style=\"background-color: rgb(250, 248, 242);\">ET INCONNUE<\/span><\/h2>\t\t<\/div>\n\t\t\t\t<\/div>\n\t\t\t\t<div class=\"elementor-element elementor-element-b33f465 elementor-widget__width-initial elementor-widget elementor-widget-text-editor\" data-id=\"b33f465\" data-element_type=\"widget\" data-widget_type=\"text-editor.default\">\n\t\t\t\t<div class=\"elementor-widget-container\">\n\t\t\t<style>\/*! elementor - v3.12.1 - 02-04-2023 *\/\n.elementor-widget-text-editor.elementor-drop-cap-view-stacked .elementor-drop-cap{background-color:#69727d;color:#fff}.elementor-widget-text-editor.elementor-drop-cap-view-framed .elementor-drop-cap{color:#69727d;border:3px solid;background-color:transparent}.elementor-widget-text-editor:not(.elementor-drop-cap-view-default) .elementor-drop-cap{margin-top:8px}.elementor-widget-text-editor:not(.elementor-drop-cap-view-default) .elementor-drop-cap-letter{width:1em;height:1em}.elementor-widget-text-editor .elementor-drop-cap{float:left;text-align:center;line-height:1;font-size:50px}.elementor-widget-text-editor .elementor-drop-cap-letter{display:inline-block}<\/style>\t\t\t\t<p style=\"text-align: left;\">Arles ce sont les ar\u00e8nes et le th\u00e9\u00e2tre antique bien s\u00fbr, mais, il y a aussi dans notre ville une multitude de lieux \u00e9tranges, insolites, beaux, ignor\u00e9s de beaucoup. Il suffit de se promener tranquillement dans les rues et de regarder attentivement pour d\u00e9couvrir mille beaut\u00e9s offertes \u00e0 notre regard et devant lesquelles nous aurions pu passer cent fois sans les voir.<\/p><p style=\"text-align: left;\">C\u2019est un peu l\u2019objet de ce livre, vous faire partager non seulement les lieux connus mais aussi quelques curiosit\u00e9s remarquables observ\u00e9es au fil des ann\u00e9es.<\/p><p style=\"text-align: left;\">Et puis il y a l\u2019accent. Pagnol ne disait-il pas que le v\u00e9ritable accent proven\u00e7al se trouve entre Arles et Avignon ? Enfin, il y a les filles d\u2019Arles qui, lors des f\u00eates de l\u2019\u00e9t\u00e9, portent, superbes, telles des princesses, le ruban de Mireille.<\/p><p style=\"text-align: left;\">Commen\u00e7ons, maintenant, si vous le voulez bien, notre promenade<br \/>dans Arles insolite et inconnue.<\/p>\t\t\t\t\t\t<\/div>\n\t\t\t\t<\/div>\n\t\t\t\t\t<\/div>\n\t\t<\/div>\n\t\t\t\t\t\t\t<\/div>\n\t\t<\/section>\n\t\t\t\t\t\t\t<\/div>\n\t\t","protected":false},"excerpt":{"rendered":"<p>BILINGUE FRAN\u00c7AIS\/ANGLAIS Arles, INSOLITE ET INCONNUE Arles ce sont les ar\u00e8nes et le th\u00e9\u00e2tre antique bien s\u00fbr, mais, il y a aussi dans notre ville une multitude de lieux \u00e9tranges, insolites, beaux, ignor\u00e9s de beaucoup. Il suffit de se promener tranquillement dans les rues et de regarder attentivement pour d\u00e9couvrir mille beaut\u00e9s offertes \u00e0 notre&#8230;<\/p>\n","protected":false},"author":1,"featured_media":0,"parent":942,"menu_order":0,"comment_status":"closed","ping_status":"closed","template":"","meta":{"footnotes":""},"class_list":["post-1093","page","type-page","status-publish","hentry"],"_links":{"self":[{"href":"https:\/\/livredition.com\/index.php\/wp-json\/wp\/v2\/pages\/1093","targetHints":{"allow":["GET"]}}],"collection":[{"href":"https:\/\/livredition.com\/index.php\/wp-json\/wp\/v2\/pages"}],"about":[{"href":"https:\/\/livredition.com\/index.php\/wp-json\/wp\/v2\/types\/page"}],"author":[{"embeddable":true,"href":"https:\/\/livredition.com\/index.php\/wp-json\/wp\/v2\/users\/1"}],"replies":[{"embeddable":true,"href":"https:\/\/livredition.com\/index.php\/wp-json\/wp\/v2\/comments?post=1093"}],"version-history":[{"count":16,"href":"https:\/\/livredition.com\/index.php\/wp-json\/wp\/v2\/pages\/1093\/revisions"}],"predecessor-version":[{"id":1143,"href":"https:\/\/livredition.com\/index.php\/wp-json\/wp\/v2\/pages\/1093\/revisions\/1143"}],"up":[{"embeddable":true,"href":"https:\/\/livredition.com\/index.php\/wp-json\/wp\/v2\/pages\/942"}],"wp:attachment":[{"href":"https:\/\/livredition.com\/index.php\/wp-json\/wp\/v2\/media?parent=1093"}],"curies":[{"name":"wp","href":"https:\/\/api.w.org\/{rel}","templated":true}]}}