{"id":1040,"date":"2025-04-25T11:48:38","date_gmt":"2025-04-25T09:48:38","guid":{"rendered":"https:\/\/livredition.com\/?page_id=1040"},"modified":"2025-05-14T10:41:46","modified_gmt":"2025-05-14T08:41:46","slug":"art-clastique-2","status":"publish","type":"page","link":"https:\/\/livredition.com\/index.php\/sociologie\/art-clastique-2\/","title":{"rendered":"Art Clastique"},"content":{"rendered":"\t\t<div data-elementor-type=\"wp-page\" data-elementor-id=\"1040\" class=\"elementor elementor-1040\">\n\t\t\t\t\t\t\t\t\t<section class=\"elementor-section elementor-top-section elementor-element elementor-element-2c9937f elementor-section-boxed elementor-section-height-default elementor-section-height-default\" data-id=\"2c9937f\" data-element_type=\"section\">\n\t\t\t\t\t\t<div class=\"elementor-container elementor-column-gap-default\">\n\t\t\t\t\t<div class=\"elementor-column elementor-col-100 elementor-top-column elementor-element elementor-element-02bd918\" data-id=\"02bd918\" data-element_type=\"column\">\n\t\t\t<div class=\"elementor-widget-wrap elementor-element-populated\">\n\t\t\t\t\t\t\t\t<div class=\"elementor-element elementor-element-ac95ced elementor-widget elementor-widget-heading\" data-id=\"ac95ced\" data-element_type=\"widget\" data-widget_type=\"heading.default\">\n\t\t\t\t<div class=\"elementor-widget-container\">\n\t\t\t<style>\/*! elementor - v3.12.1 - 02-04-2023 *\/\n.elementor-heading-title{padding:0;margin:0;line-height:1}.elementor-widget-heading .elementor-heading-title[class*=elementor-size-]>a{color:inherit;font-size:inherit;line-height:inherit}.elementor-widget-heading .elementor-heading-title.elementor-size-small{font-size:15px}.elementor-widget-heading .elementor-heading-title.elementor-size-medium{font-size:19px}.elementor-widget-heading .elementor-heading-title.elementor-size-large{font-size:29px}.elementor-widget-heading .elementor-heading-title.elementor-size-xl{font-size:39px}.elementor-widget-heading .elementor-heading-title.elementor-size-xxl{font-size:59px}<\/style><h2 class=\"elementor-heading-title elementor-size-default\">Art Clastique<\/h2>\t\t<\/div>\n\t\t\t\t<\/div>\n\t\t\t\t\t<\/div>\n\t\t<\/div>\n\t\t\t\t\t\t\t<\/div>\n\t\t<\/section>\n\t\t\t\t<section class=\"elementor-section elementor-top-section elementor-element elementor-element-785a297 elementor-section-boxed elementor-section-height-default elementor-section-height-default\" data-id=\"785a297\" data-element_type=\"section\">\n\t\t\t\t\t\t<div class=\"elementor-container elementor-column-gap-default\">\n\t\t\t\t\t<div class=\"elementor-column elementor-col-50 elementor-top-column elementor-element elementor-element-3cf64f5\" data-id=\"3cf64f5\" data-element_type=\"column\">\n\t\t\t<div class=\"elementor-widget-wrap elementor-element-populated\">\n\t\t\t\t\t\t\t\t<div class=\"elementor-element elementor-element-9d0ffda elementor-widget elementor-widget-image\" data-id=\"9d0ffda\" data-element_type=\"widget\" data-widget_type=\"image.default\">\n\t\t\t\t<div class=\"elementor-widget-container\">\n\t\t\t<style>\/*! elementor - v3.12.1 - 02-04-2023 *\/\n.elementor-widget-image{text-align:center}.elementor-widget-image a{display:inline-block}.elementor-widget-image a img[src$=\".svg\"]{width:48px}.elementor-widget-image img{vertical-align:middle;display:inline-block}<\/style>\t\t\t\t\t\t\t\t\t\t\t\t<img loading=\"lazy\" decoding=\"async\" width=\"1024\" height=\"1024\" src=\"https:\/\/livredition.com\/wp-content\/uploads\/2025\/05\/a-demain-1024x1024.jpg\" class=\"attachment-large size-large wp-image-1497\" alt=\"Manifeste Art Clastique AECP\" srcset=\"https:\/\/livredition.com\/wp-content\/uploads\/2025\/05\/a-demain-1024x1024.jpg 1024w, https:\/\/livredition.com\/wp-content\/uploads\/2025\/05\/a-demain-540x540.jpg 540w, https:\/\/livredition.com\/wp-content\/uploads\/2025\/05\/a-demain-100x100.jpg 100w, https:\/\/livredition.com\/wp-content\/uploads\/2025\/05\/a-demain-600x600.jpg 600w, https:\/\/livredition.com\/wp-content\/uploads\/2025\/05\/a-demain-300x300.jpg 300w, https:\/\/livredition.com\/wp-content\/uploads\/2025\/05\/a-demain-150x150.jpg 150w, https:\/\/livredition.com\/wp-content\/uploads\/2025\/05\/a-demain-768x768.jpg 768w, https:\/\/livredition.com\/wp-content\/uploads\/2025\/05\/a-demain-70x70.jpg 70w, https:\/\/livredition.com\/wp-content\/uploads\/2025\/05\/a-demain-310x310.jpg 310w, https:\/\/livredition.com\/wp-content\/uploads\/2025\/05\/a-demain-580x580.jpg 580w, https:\/\/livredition.com\/wp-content\/uploads\/2025\/05\/a-demain-860x860.jpg 860w, https:\/\/livredition.com\/wp-content\/uploads\/2025\/05\/a-demain-1160x1160.jpg 1160w, https:\/\/livredition.com\/wp-content\/uploads\/2025\/05\/a-demain.jpg 1200w\" sizes=\"auto, (max-width: 1024px) 100vw, 1024px\" \/>\t\t\t\t\t\t\t\t\t\t\t\t\t\t\t<\/div>\n\t\t\t\t<\/div>\n\t\t\t\t\t<\/div>\n\t\t<\/div>\n\t\t\t\t<div class=\"elementor-column elementor-col-50 elementor-top-column elementor-element elementor-element-e18e8c7\" data-id=\"e18e8c7\" data-element_type=\"column\">\n\t\t\t<div class=\"elementor-widget-wrap elementor-element-populated\">\n\t\t\t\t\t\t\t\t<div class=\"elementor-element elementor-element-aa25999 elementor-widget elementor-widget-text-editor\" data-id=\"aa25999\" data-element_type=\"widget\" data-widget_type=\"text-editor.default\">\n\t\t\t\t<div class=\"elementor-widget-container\">\n\t\t\t<style>\/*! elementor - v3.12.1 - 02-04-2023 *\/\n.elementor-widget-text-editor.elementor-drop-cap-view-stacked .elementor-drop-cap{background-color:#69727d;color:#fff}.elementor-widget-text-editor.elementor-drop-cap-view-framed .elementor-drop-cap{color:#69727d;border:3px solid;background-color:transparent}.elementor-widget-text-editor:not(.elementor-drop-cap-view-default) .elementor-drop-cap{margin-top:8px}.elementor-widget-text-editor:not(.elementor-drop-cap-view-default) .elementor-drop-cap-letter{width:1em;height:1em}.elementor-widget-text-editor .elementor-drop-cap{float:left;text-align:center;line-height:1;font-size:50px}.elementor-widget-text-editor .elementor-drop-cap-letter{display:inline-block}<\/style>\t\t\t\t<p>\u00c0 travers ce livre, les 2 artistes Anne Eliayan et Christian Pic vous livrent leurs r\u00e9flexions sur l\u2019art.<\/p><p>Titre : Art Clastique Retour vers le Futur<br \/>Ann\u00e9e de parution : 2025<br \/>Auteurs : Anne Eliayan et Christian Pic<br \/>Nombre de pages : 88<br \/>Format : 16,5X24cm<br \/>ISBN : 978-2-490847-41-9<br \/>Prix : 10 \u20ac<br \/>contact : 06 59 35 57 51 | anne.eliayan@gmail.com<\/p>\t\t\t\t\t\t<\/div>\n\t\t\t\t<\/div>\n\t\t\t\t\t<\/div>\n\t\t<\/div>\n\t\t\t\t\t\t\t<\/div>\n\t\t<\/section>\n\t\t\t\t<section class=\"elementor-section elementor-top-section elementor-element elementor-element-34e7a73 elementor-section-boxed elementor-section-height-default elementor-section-height-default\" data-id=\"34e7a73\" data-element_type=\"section\">\n\t\t\t\t\t\t<div class=\"elementor-container elementor-column-gap-default\">\n\t\t\t\t\t<div class=\"elementor-column elementor-col-100 elementor-top-column elementor-element elementor-element-d4ca4a9\" data-id=\"d4ca4a9\" data-element_type=\"column\">\n\t\t\t<div class=\"elementor-widget-wrap elementor-element-populated\">\n\t\t\t\t\t\t\t\t<div class=\"elementor-element elementor-element-a08fbe7 elementor-widget elementor-widget-text-editor\" data-id=\"a08fbe7\" data-element_type=\"widget\" data-widget_type=\"text-editor.default\">\n\t\t\t\t<div class=\"elementor-widget-container\">\n\t\t\t\t\t\t\t<ul><li style=\"text-align: left;\"><span style=\"font-size: 14.0pt; line-height: 107%; font-family: 'Arial',sans-serif;\">1- En g\u00e9ologie l\u2019adjectif clastique signifie \u00ab qui pr\u00e9sente des failles et des fractures, qui se d\u00e9sagr\u00e8ge \u00bb, ce qui d\u00e9crit bien l\u2019art tel qu\u2019on le conna\u00eet jusqu\u2019\u00e0 ce jour. L\u2019art contemporain, du fait de son \u00e9rosion, dispara\u00eet au profit de l\u2019art clastique.<\/span><\/li><li style=\"text-align: left;\"><span style=\"font-size: 14.0pt; line-height: 107%; font-family: 'Arial',sans-serif;\">2<b>-L\u2019art clastique<\/b><span style=\"color: #898a8d; font-family: Nunito, Arial, Helvetica, 'Nimbus Sans L', sans-serif; font-size: 17px; background-color: #faf8f2;\">\u00a9\u00a0<\/span>\u00a0se pr\u00e9occupe de l\u2019humanit\u00e9. Dans une relation harmonieuse, l\u2019artiste est un humain qui se soucie de celui qui va recevoir l\u2019\u0153uvre en tant que visiteur, se met \u00e0 sa place, traite le visiteur comme il aimerait l\u2019\u00eatre, cr\u00e9e un dialogue sur des pr\u00e9occupations partag\u00e9es.<\/span><\/li><li style=\"text-align: left;\"><span style=\"font-size: 14.0pt; line-height: 107%; font-family: 'Arial',sans-serif;\">3-<b>L\u2019art clastique<\/b><span style=\"color: #898a8d; font-family: Nunito, Arial, Helvetica, 'Nimbus Sans L', sans-serif; font-size: 17px; background-color: #faf8f2;\">\u00a9\u00a0<\/span>\u00a0est joyeux, sur la dur\u00e9e, cet art cr\u00e9e des occasions propices au bonheur en un rapport agr\u00e9able avec le monde ext\u00e9rieur.<\/span><\/li><li style=\"text-align: left;\"><span style=\"font-size: 14.0pt; line-height: 107%; font-family: 'Arial',sans-serif;\">4-<b>L\u2019art clastique<\/b><span style=\"color: #898a8d; font-family: Nunito, Arial, Helvetica, 'Nimbus Sans L', sans-serif; font-size: 17px; background-color: #faf8f2;\">\u00a9\u00a0<\/span>\u00a0se pr\u00e9occupe du climat chaque fois que le choix est possible, cet art donne une deuxi\u00e8me vie aux objets r\u00e9cup\u00e9r\u00e9s, est soucieux de la d\u00e9pense des \u00e9nergies durant la production et le transport des \u0153uvres ainsi que dans l\u2019utilisation d\u2019outils de communication.<\/span><\/li><li style=\"text-align: left;\"><span style=\"font-size: 14.0pt; line-height: 107%; font-family: 'Arial',sans-serif;\">5-<b>L\u2019art clastique<\/b><span style=\"color: #898a8d; font-family: Nunito, Arial, Helvetica, 'Nimbus Sans L', sans-serif; font-size: 17px; background-color: #faf8f2;\">\u00a9\u00a0<\/span>\u00a0est non violent. Les fondements de l\u2019art contemporain sont devenus inadapt\u00e9s et ind\u00e9cents face aux grands d\u00e9s\u00e9quilibres du xxi<sup>e<\/sup> si\u00e8cle. La culpabilit\u00e9 est un outil marketing et de caution morale : en tant qu\u2019artistes nous nous y refusons. La libert\u00e9 d\u2019expression, inscrite dans la D\u00e9claration universelle des droits de l\u2019homme a comme corollaire le respect d\u2019autrui. L\u2019art clastique n\u2019est pas vulgaire, ne cherche pas \u00e0 blesser, injurier ou provoquer. L\u2019art clastique n\u2019est pas cynique, ne nous m\u00e9prise pas, ne remet pas en cause les principes fondateurs de la soci\u00e9t\u00e9 mais cherche \u00e0 les am\u00e9liorer par la pratique de l\u2019empathie, l\u2019humour, la r\u00e9flexion. Il doit permettre la r\u00e9silience s\u2019il prend position<\/span><\/li><li style=\"text-align: left;\"><span style=\"font-size: 14.0pt; line-height: 107%; font-family: 'Arial',sans-serif;\">.<\/span><span style=\"font-size: 14.0pt; line-height: 107%; font-family: 'Arial',sans-serif;\">6-<b>L\u2019art clastique<\/b><span style=\"color: #898a8d; font-family: Nunito, Arial, Helvetica, 'Nimbus Sans L', sans-serif; font-size: 17px; background-color: #faf8f2;\">\u00a9\u00a0<\/span>\u00a0esp\u00e8re dans les g\u00e9n\u00e9rations futures. Les g\u00e9n\u00e9rations de demain commencent par ceux qui vivent aujourd\u2019hui. Ceux-ci doivent \u00eatre solidaires et pr\u00e9server la vie en toute occasion. Il est interg\u00e9n\u00e9rationnel.<\/span><\/li><li style=\"text-align: left;\"><span style=\"font-size: 14.0pt; line-height: 107%; font-family: 'Arial',sans-serif;\">7-L\u2019artiste ne compte pas son temps, quoi de plus artistique que de faire don de son temps c\u2019est-\u00e0-dire d\u2019une partie de sa vie \u00e0 la collectivit\u00e9 sans savoir en retour s\u2019il en aura un avantage ?<\/span><\/li><li style=\"text-align: left;\"><span style=\"font-size: 14.0pt; line-height: 107%; font-family: 'Arial',sans-serif;\">8-<b>L\u2019art clastique<\/b><span style=\"color: #898a8d; font-family: Nunito, Arial, Helvetica, 'Nimbus Sans L', sans-serif; font-size: 17px; background-color: #faf8f2;\">\u00a9\u00a0<\/span>\u00a0est utile. Son objectif est de faire \u00e9voluer positivement la soci\u00e9t\u00e9 en favorisant le d\u00e9veloppement et la r\u00e9flexion\u00a0de chacun. Par l\u2019acc\u00e8s \u00e0 tous, le libre examen, et m\u00eame le doute, cet art soumet \u00e0 l\u2019\u00e9preuve de la d\u00e9monstration toute id\u00e9e re\u00e7ue ou tout \u00e9nonc\u00e9 sans preuve.<\/span><\/li><li style=\"text-align: left;\"><span style=\"font-size: 14.0pt; line-height: 107%; font-family: 'Arial',sans-serif;\">9<b>-L\u2019art clastique<\/b><span style=\"color: #898a8d; font-family: Nunito, Arial, Helvetica, 'Nimbus Sans L', sans-serif; font-size: 17px; background-color: #faf8f2;\">\u00a9\u00a0<\/span>\u00a0est accessible. Pas de longs cartels obscurs ou inintelligibles, le discours se veut clair et ouvert aux\u00a0nterpr\u00e9tations.<\/span><\/li><li style=\"text-align: left;\"><span style=\"font-size: 14.0pt; line-height: 107%; font-family: 'Arial',sans-serif;\">1<b>0-L\u2019art clastique<\/b><span style=\"color: #898a8d; font-family: Nunito, Arial, Helvetica, 'Nimbus Sans L', sans-serif; font-size: 17px; background-color: #faf8f2;\">\u00a9\u00a0<\/span>\u00a0se veut philosophe, en ouvrant un dialogue pour que chacun \u00e0 son tour puisse approfondir sa relation au monde et prendre en main sa place au sein de son groupe.<\/span><\/li><\/ul>\t\t\t\t\t\t<\/div>\n\t\t\t\t<\/div>\n\t\t\t\t<div class=\"elementor-element elementor-element-6a6f054 elementor-widget elementor-widget-image\" data-id=\"6a6f054\" data-element_type=\"widget\" data-widget_type=\"image.default\">\n\t\t\t\t<div class=\"elementor-widget-container\">\n\t\t\t\t\t\t\t\t\t\t\t\t\t\t\t<img loading=\"lazy\" decoding=\"async\" width=\"724\" height=\"1024\" src=\"https:\/\/livredition.com\/wp-content\/uploads\/2025\/05\/FICHE-LIVRE-ART-CLASTIQUE-fin-724x1024.jpg\" class=\"attachment-large size-large wp-image-1540\" alt=\"Manifeste Art Clastique AECP\" srcset=\"https:\/\/livredition.com\/wp-content\/uploads\/2025\/05\/FICHE-LIVRE-ART-CLASTIQUE-fin-724x1024.jpg 724w, https:\/\/livredition.com\/wp-content\/uploads\/2025\/05\/FICHE-LIVRE-ART-CLASTIQUE-fin-212x300.jpg 212w, https:\/\/livredition.com\/wp-content\/uploads\/2025\/05\/FICHE-LIVRE-ART-CLASTIQUE-fin-768x1086.jpg 768w, https:\/\/livredition.com\/wp-content\/uploads\/2025\/05\/FICHE-LIVRE-ART-CLASTIQUE-fin-1086x1536.jpg 1086w, https:\/\/livredition.com\/wp-content\/uploads\/2025\/05\/FICHE-LIVRE-ART-CLASTIQUE-fin-1448x2048.jpg 1448w, https:\/\/livredition.com\/wp-content\/uploads\/2025\/05\/FICHE-LIVRE-ART-CLASTIQUE-fin-580x820.jpg 580w, https:\/\/livredition.com\/wp-content\/uploads\/2025\/05\/FICHE-LIVRE-ART-CLASTIQUE-fin-860x1216.jpg 860w, https:\/\/livredition.com\/wp-content\/uploads\/2025\/05\/FICHE-LIVRE-ART-CLASTIQUE-fin-1160x1641.jpg 1160w, https:\/\/livredition.com\/wp-content\/uploads\/2025\/05\/FICHE-LIVRE-ART-CLASTIQUE-fin-scaled.jpg 1810w\" sizes=\"auto, (max-width: 724px) 100vw, 724px\" \/>\t\t\t\t\t\t\t\t\t\t\t\t\t\t\t<\/div>\n\t\t\t\t<\/div>\n\t\t\t\t\t<\/div>\n\t\t<\/div>\n\t\t\t\t\t\t\t<\/div>\n\t\t<\/section>\n\t\t\t\t<section class=\"elementor-section elementor-top-section elementor-element elementor-element-2b91dee elementor-section-boxed elementor-section-height-default elementor-section-height-default\" data-id=\"2b91dee\" data-element_type=\"section\">\n\t\t\t\t\t\t<div class=\"elementor-container elementor-column-gap-default\">\n\t\t\t\t\t<div class=\"elementor-column elementor-col-100 elementor-top-column elementor-element elementor-element-0243634\" data-id=\"0243634\" data-element_type=\"column\">\n\t\t\t<div class=\"elementor-widget-wrap elementor-element-populated\">\n\t\t\t\t\t\t\t\t<div class=\"elementor-element elementor-element-5afef50 elementor-widget elementor-widget-text-editor\" data-id=\"5afef50\" data-element_type=\"widget\" data-widget_type=\"text-editor.default\">\n\t\t\t\t<div class=\"elementor-widget-container\">\n\t\t\t\t\t\t\t\t\t\t\t\t\t<\/div>\n\t\t\t\t<\/div>\n\t\t\t\t\t<\/div>\n\t\t<\/div>\n\t\t\t\t\t\t\t<\/div>\n\t\t<\/section>\n\t\t\t\t\t\t\t<\/div>\n\t\t","protected":false},"excerpt":{"rendered":"<p>Art Clastique \u00c0 travers ce livre, les 2 artistes Anne Eliayan et Christian Pic vous livrent leurs r\u00e9flexions sur l\u2019art. Titre : Art Clastique Retour vers le FuturAnn\u00e9e de parution : 2025Auteurs : Anne Eliayan et Christian PicNombre de pages : 88Format : 16,5X24cmISBN : 978-2-490847-41-9Prix : 10 \u20accontact : 06 59 35 57 51&#8230;<\/p>\n","protected":false},"author":1,"featured_media":0,"parent":814,"menu_order":0,"comment_status":"closed","ping_status":"closed","template":"","meta":{"footnotes":""},"class_list":["post-1040","page","type-page","status-publish","hentry"],"_links":{"self":[{"href":"https:\/\/livredition.com\/index.php\/wp-json\/wp\/v2\/pages\/1040","targetHints":{"allow":["GET"]}}],"collection":[{"href":"https:\/\/livredition.com\/index.php\/wp-json\/wp\/v2\/pages"}],"about":[{"href":"https:\/\/livredition.com\/index.php\/wp-json\/wp\/v2\/types\/page"}],"author":[{"embeddable":true,"href":"https:\/\/livredition.com\/index.php\/wp-json\/wp\/v2\/users\/1"}],"replies":[{"embeddable":true,"href":"https:\/\/livredition.com\/index.php\/wp-json\/wp\/v2\/comments?post=1040"}],"version-history":[{"count":43,"href":"https:\/\/livredition.com\/index.php\/wp-json\/wp\/v2\/pages\/1040\/revisions"}],"predecessor-version":[{"id":1543,"href":"https:\/\/livredition.com\/index.php\/wp-json\/wp\/v2\/pages\/1040\/revisions\/1543"}],"up":[{"embeddable":true,"href":"https:\/\/livredition.com\/index.php\/wp-json\/wp\/v2\/pages\/814"}],"wp:attachment":[{"href":"https:\/\/livredition.com\/index.php\/wp-json\/wp\/v2\/media?parent=1040"}],"curies":[{"name":"wp","href":"https:\/\/api.w.org\/{rel}","templated":true}]}}