{"id":1038,"date":"2025-04-25T11:48:14","date_gmt":"2025-04-25T09:48:14","guid":{"rendered":"https:\/\/livredition.com\/?page_id=1038"},"modified":"2025-04-30T11:40:34","modified_gmt":"2025-04-30T09:40:34","slug":"habiter","status":"publish","type":"page","link":"https:\/\/livredition.com\/index.php\/sociologie\/habiter\/","title":{"rendered":"Habiter"},"content":{"rendered":"\t\t<div data-elementor-type=\"wp-page\" data-elementor-id=\"1038\" class=\"elementor elementor-1038\">\n\t\t\t\t\t\t\t\t\t<section class=\"elementor-section elementor-top-section elementor-element elementor-element-8a0678c elementor-section-boxed elementor-section-height-default elementor-section-height-default\" data-id=\"8a0678c\" data-element_type=\"section\">\n\t\t\t\t\t\t<div class=\"elementor-container elementor-column-gap-default\">\n\t\t\t\t\t<div class=\"elementor-column elementor-col-100 elementor-top-column elementor-element elementor-element-afae481\" data-id=\"afae481\" data-element_type=\"column\">\n\t\t\t<div class=\"elementor-widget-wrap elementor-element-populated\">\n\t\t\t\t\t\t\t\t<div class=\"elementor-element elementor-element-5e239e7 elementor-widget elementor-widget-heading\" data-id=\"5e239e7\" data-element_type=\"widget\" data-widget_type=\"heading.default\">\n\t\t\t\t<div class=\"elementor-widget-container\">\n\t\t\t<style>\/*! elementor - v3.12.1 - 02-04-2023 *\/\n.elementor-heading-title{padding:0;margin:0;line-height:1}.elementor-widget-heading .elementor-heading-title[class*=elementor-size-]>a{color:inherit;font-size:inherit;line-height:inherit}.elementor-widget-heading .elementor-heading-title.elementor-size-small{font-size:15px}.elementor-widget-heading .elementor-heading-title.elementor-size-medium{font-size:19px}.elementor-widget-heading .elementor-heading-title.elementor-size-large{font-size:29px}.elementor-widget-heading .elementor-heading-title.elementor-size-xl{font-size:39px}.elementor-widget-heading .elementor-heading-title.elementor-size-xxl{font-size:59px}<\/style><h2 class=\"elementor-heading-title elementor-size-default\">Habiter<\/h2>\t\t<\/div>\n\t\t\t\t<\/div>\n\t\t\t\t\t<\/div>\n\t\t<\/div>\n\t\t\t\t\t\t\t<\/div>\n\t\t<\/section>\n\t\t\t\t<section class=\"elementor-section elementor-top-section elementor-element elementor-element-8866dc0 elementor-section-boxed elementor-section-height-default elementor-section-height-default\" data-id=\"8866dc0\" data-element_type=\"section\">\n\t\t\t\t\t\t<div class=\"elementor-container elementor-column-gap-default\">\n\t\t\t\t\t<div class=\"elementor-column elementor-col-50 elementor-top-column elementor-element elementor-element-5cd3818\" data-id=\"5cd3818\" data-element_type=\"column\">\n\t\t\t<div class=\"elementor-widget-wrap elementor-element-populated\">\n\t\t\t\t\t\t\t\t<div class=\"elementor-element elementor-element-e0b7109 elementor-widget elementor-widget-image\" data-id=\"e0b7109\" data-element_type=\"widget\" data-widget_type=\"image.default\">\n\t\t\t\t<div class=\"elementor-widget-container\">\n\t\t\t<style>\/*! elementor - v3.12.1 - 02-04-2023 *\/\n.elementor-widget-image{text-align:center}.elementor-widget-image a{display:inline-block}.elementor-widget-image a img[src$=\".svg\"]{width:48px}.elementor-widget-image img{vertical-align:middle;display:inline-block}<\/style>\t\t\t\t\t\t\t\t\t\t\t\t<img loading=\"lazy\" decoding=\"async\" width=\"768\" height=\"768\" src=\"https:\/\/livredition.com\/wp-content\/uploads\/2025\/04\/habiter-768x768.jpg\" class=\"attachment-medium_large size-medium_large wp-image-856\" alt=\"\" srcset=\"https:\/\/livredition.com\/wp-content\/uploads\/2025\/04\/habiter-768x768.jpg 768w, https:\/\/livredition.com\/wp-content\/uploads\/2025\/04\/habiter-540x540.jpg 540w, https:\/\/livredition.com\/wp-content\/uploads\/2025\/04\/habiter-100x100.jpg 100w, https:\/\/livredition.com\/wp-content\/uploads\/2025\/04\/habiter-600x600.jpg 600w, https:\/\/livredition.com\/wp-content\/uploads\/2025\/04\/habiter-300x300.jpg 300w, https:\/\/livredition.com\/wp-content\/uploads\/2025\/04\/habiter-1024x1024.jpg 1024w, https:\/\/livredition.com\/wp-content\/uploads\/2025\/04\/habiter-150x150.jpg 150w, https:\/\/livredition.com\/wp-content\/uploads\/2025\/04\/habiter-70x70.jpg 70w, https:\/\/livredition.com\/wp-content\/uploads\/2025\/04\/habiter-310x310.jpg 310w, https:\/\/livredition.com\/wp-content\/uploads\/2025\/04\/habiter-580x580.jpg 580w, https:\/\/livredition.com\/wp-content\/uploads\/2025\/04\/habiter-860x860.jpg 860w, https:\/\/livredition.com\/wp-content\/uploads\/2025\/04\/habiter-1160x1160.jpg 1160w, https:\/\/livredition.com\/wp-content\/uploads\/2025\/04\/habiter.jpg 1200w\" sizes=\"auto, (max-width: 768px) 100vw, 768px\" \/>\t\t\t\t\t\t\t\t\t\t\t\t\t\t\t<\/div>\n\t\t\t\t<\/div>\n\t\t\t\t\t<\/div>\n\t\t<\/div>\n\t\t\t\t<div class=\"elementor-column elementor-col-50 elementor-top-column elementor-element elementor-element-a114919\" data-id=\"a114919\" data-element_type=\"column\">\n\t\t\t<div class=\"elementor-widget-wrap elementor-element-populated\">\n\t\t\t\t\t\t\t\t<div class=\"elementor-element elementor-element-0506e11 elementor-widget elementor-widget-text-editor\" data-id=\"0506e11\" data-element_type=\"widget\" data-widget_type=\"text-editor.default\">\n\t\t\t\t<div class=\"elementor-widget-container\">\n\t\t\t<style>\/*! elementor - v3.12.1 - 02-04-2023 *\/\n.elementor-widget-text-editor.elementor-drop-cap-view-stacked .elementor-drop-cap{background-color:#69727d;color:#fff}.elementor-widget-text-editor.elementor-drop-cap-view-framed .elementor-drop-cap{color:#69727d;border:3px solid;background-color:transparent}.elementor-widget-text-editor:not(.elementor-drop-cap-view-default) .elementor-drop-cap{margin-top:8px}.elementor-widget-text-editor:not(.elementor-drop-cap-view-default) .elementor-drop-cap-letter{width:1em;height:1em}.elementor-widget-text-editor .elementor-drop-cap{float:left;text-align:center;line-height:1;font-size:50px}.elementor-widget-text-editor .elementor-drop-cap-letter{display:inline-block}<\/style>\t\t\t\t<p>Ann\u00e9e de parution : 2024<br \/>Auteurs : Anne Eliayan et Christian Pic<br \/>Nombre de pages : 162<br \/>Format : 21X21cm<br \/>ISBN : 978-2-490847-39-6<br \/>Prix : 30 \u20ac<br \/>Arles Gallery 8 rue de la Libert\u00e9 13200 Arles<br \/>www.livredition.com <br \/>contact : 06 59 35 57 51 | anne.eliayan@gmail.com<\/p>\t\t\t\t\t\t<\/div>\n\t\t\t\t<\/div>\n\t\t\t\t\t<\/div>\n\t\t<\/div>\n\t\t\t\t\t\t\t<\/div>\n\t\t<\/section>\n\t\t\t\t<section class=\"elementor-section elementor-top-section elementor-element elementor-element-1967dfb elementor-section-boxed elementor-section-height-default elementor-section-height-default\" data-id=\"1967dfb\" data-element_type=\"section\">\n\t\t\t\t\t\t<div class=\"elementor-container elementor-column-gap-default\">\n\t\t\t\t\t<div class=\"elementor-column elementor-col-100 elementor-top-column elementor-element elementor-element-d50d69d\" data-id=\"d50d69d\" data-element_type=\"column\">\n\t\t\t<div class=\"elementor-widget-wrap elementor-element-populated\">\n\t\t\t\t\t\t\t\t<div class=\"elementor-element elementor-element-f9f03cf elementor-widget elementor-widget-text-editor\" data-id=\"f9f03cf\" data-element_type=\"widget\" data-widget_type=\"text-editor.default\">\n\t\t\t\t<div class=\"elementor-widget-container\">\n\t\t\t\t\t\t\t<div dir=\"ltr\"><span style=\"font-family: tahoma, sans-serif;\">Habiter : un mot qui a amen\u00e9 sur de nombreux chemins les deux auteurs Anne Eliayan et Christian Pic.<\/span><\/div><div dir=\"ltr\"><span style=\"font-family: tahoma, sans-serif;\">De la notion de d\u00e9shabiter une maison jusqu&rsquo;\u00e0 habiter la nuit en passant par habiter le temps o\u00f9 m\u00eame habiter son corps, comme son pas, les deux artistes explorent les significations de ce mot et vous en proposent leurs libres interpr\u00e9tations.<\/span><\/div>\t\t\t\t\t\t<\/div>\n\t\t\t\t<\/div>\n\t\t\t\t\t<\/div>\n\t\t<\/div>\n\t\t\t\t\t\t\t<\/div>\n\t\t<\/section>\n\t\t\t\t\t\t\t<\/div>\n\t\t","protected":false},"excerpt":{"rendered":"<p>Habiter Ann\u00e9e de parution : 2024Auteurs : Anne Eliayan et Christian PicNombre de pages : 162Format : 21X21cmISBN : 978-2-490847-39-6Prix : 30 \u20acArles Gallery 8 rue de la Libert\u00e9 13200 Arleswww.livredition.com contact : 06 59 35 57 51 | anne.eliayan@gmail.com Habiter : un mot qui a amen\u00e9 sur de nombreux chemins les deux auteurs Anne&#8230;<\/p>\n","protected":false},"author":1,"featured_media":0,"parent":814,"menu_order":0,"comment_status":"closed","ping_status":"closed","template":"","meta":{"footnotes":""},"class_list":["post-1038","page","type-page","status-publish","hentry"],"_links":{"self":[{"href":"https:\/\/livredition.com\/index.php\/wp-json\/wp\/v2\/pages\/1038","targetHints":{"allow":["GET"]}}],"collection":[{"href":"https:\/\/livredition.com\/index.php\/wp-json\/wp\/v2\/pages"}],"about":[{"href":"https:\/\/livredition.com\/index.php\/wp-json\/wp\/v2\/types\/page"}],"author":[{"embeddable":true,"href":"https:\/\/livredition.com\/index.php\/wp-json\/wp\/v2\/users\/1"}],"replies":[{"embeddable":true,"href":"https:\/\/livredition.com\/index.php\/wp-json\/wp\/v2\/comments?post=1038"}],"version-history":[{"count":16,"href":"https:\/\/livredition.com\/index.php\/wp-json\/wp\/v2\/pages\/1038\/revisions"}],"predecessor-version":[{"id":1264,"href":"https:\/\/livredition.com\/index.php\/wp-json\/wp\/v2\/pages\/1038\/revisions\/1264"}],"up":[{"embeddable":true,"href":"https:\/\/livredition.com\/index.php\/wp-json\/wp\/v2\/pages\/814"}],"wp:attachment":[{"href":"https:\/\/livredition.com\/index.php\/wp-json\/wp\/v2\/media?parent=1038"}],"curies":[{"name":"wp","href":"https:\/\/api.w.org\/{rel}","templated":true}]}}