{"id":1036,"date":"2025-04-25T11:47:22","date_gmt":"2025-04-25T09:47:22","guid":{"rendered":"https:\/\/livredition.com\/?page_id=1036"},"modified":"2025-04-30T11:43:23","modified_gmt":"2025-04-30T09:43:23","slug":"a-demain","status":"publish","type":"page","link":"https:\/\/livredition.com\/index.php\/sociologie\/a-demain\/","title":{"rendered":"A Demain"},"content":{"rendered":"\t\t<div data-elementor-type=\"wp-page\" data-elementor-id=\"1036\" class=\"elementor elementor-1036\">\n\t\t\t\t\t\t\t\t\t<section class=\"elementor-section elementor-top-section elementor-element elementor-element-8e3b57f elementor-section-boxed elementor-section-height-default elementor-section-height-default\" data-id=\"8e3b57f\" data-element_type=\"section\">\n\t\t\t\t\t\t<div class=\"elementor-container elementor-column-gap-default\">\n\t\t\t\t\t<div class=\"elementor-column elementor-col-100 elementor-top-column elementor-element elementor-element-4c969c3\" data-id=\"4c969c3\" data-element_type=\"column\">\n\t\t\t<div class=\"elementor-widget-wrap elementor-element-populated\">\n\t\t\t\t\t\t\t\t<div class=\"elementor-element elementor-element-69f4ba7 elementor-widget elementor-widget-heading\" data-id=\"69f4ba7\" data-element_type=\"widget\" data-widget_type=\"heading.default\">\n\t\t\t\t<div class=\"elementor-widget-container\">\n\t\t\t<style>\/*! elementor - v3.12.1 - 02-04-2023 *\/\n.elementor-heading-title{padding:0;margin:0;line-height:1}.elementor-widget-heading .elementor-heading-title[class*=elementor-size-]>a{color:inherit;font-size:inherit;line-height:inherit}.elementor-widget-heading .elementor-heading-title.elementor-size-small{font-size:15px}.elementor-widget-heading .elementor-heading-title.elementor-size-medium{font-size:19px}.elementor-widget-heading .elementor-heading-title.elementor-size-large{font-size:29px}.elementor-widget-heading .elementor-heading-title.elementor-size-xl{font-size:39px}.elementor-widget-heading .elementor-heading-title.elementor-size-xxl{font-size:59px}<\/style><h2 class=\"elementor-heading-title elementor-size-default\">\u00c0 Demain<\/h2>\t\t<\/div>\n\t\t\t\t<\/div>\n\t\t\t\t\t<\/div>\n\t\t<\/div>\n\t\t\t\t\t\t\t<\/div>\n\t\t<\/section>\n\t\t\t\t<section class=\"elementor-section elementor-top-section elementor-element elementor-element-0cfbf73 elementor-section-boxed elementor-section-height-default elementor-section-height-default\" data-id=\"0cfbf73\" data-element_type=\"section\">\n\t\t\t\t\t\t<div class=\"elementor-container elementor-column-gap-default\">\n\t\t\t\t\t<div class=\"elementor-column elementor-col-50 elementor-top-column elementor-element elementor-element-7c81d42\" data-id=\"7c81d42\" data-element_type=\"column\">\n\t\t\t<div class=\"elementor-widget-wrap elementor-element-populated\">\n\t\t\t\t\t\t\t\t<div class=\"elementor-element elementor-element-8576709 elementor-widget elementor-widget-image\" data-id=\"8576709\" data-element_type=\"widget\" data-widget_type=\"image.default\">\n\t\t\t\t<div class=\"elementor-widget-container\">\n\t\t\t<style>\/*! elementor - v3.12.1 - 02-04-2023 *\/\n.elementor-widget-image{text-align:center}.elementor-widget-image a{display:inline-block}.elementor-widget-image a img[src$=\".svg\"]{width:48px}.elementor-widget-image img{vertical-align:middle;display:inline-block}<\/style>\t\t\t\t\t\t\t\t\t\t\t\t<img loading=\"lazy\" decoding=\"async\" width=\"1200\" height=\"1200\" src=\"https:\/\/livredition.com\/wp-content\/uploads\/2025\/04\/a-demain.jpg\" class=\"attachment-2048x2048 size-2048x2048 wp-image-854\" alt=\"\" srcset=\"https:\/\/livredition.com\/wp-content\/uploads\/2025\/04\/a-demain.jpg 1200w, https:\/\/livredition.com\/wp-content\/uploads\/2025\/04\/a-demain-540x540.jpg 540w, https:\/\/livredition.com\/wp-content\/uploads\/2025\/04\/a-demain-100x100.jpg 100w, https:\/\/livredition.com\/wp-content\/uploads\/2025\/04\/a-demain-600x600.jpg 600w, https:\/\/livredition.com\/wp-content\/uploads\/2025\/04\/a-demain-300x300.jpg 300w, https:\/\/livredition.com\/wp-content\/uploads\/2025\/04\/a-demain-1024x1024.jpg 1024w, https:\/\/livredition.com\/wp-content\/uploads\/2025\/04\/a-demain-150x150.jpg 150w, https:\/\/livredition.com\/wp-content\/uploads\/2025\/04\/a-demain-768x768.jpg 768w, https:\/\/livredition.com\/wp-content\/uploads\/2025\/04\/a-demain-70x70.jpg 70w, https:\/\/livredition.com\/wp-content\/uploads\/2025\/04\/a-demain-310x310.jpg 310w, https:\/\/livredition.com\/wp-content\/uploads\/2025\/04\/a-demain-580x580.jpg 580w, https:\/\/livredition.com\/wp-content\/uploads\/2025\/04\/a-demain-860x860.jpg 860w, https:\/\/livredition.com\/wp-content\/uploads\/2025\/04\/a-demain-1160x1160.jpg 1160w\" sizes=\"auto, (max-width: 1200px) 100vw, 1200px\" \/>\t\t\t\t\t\t\t\t\t\t\t\t\t\t\t<\/div>\n\t\t\t\t<\/div>\n\t\t\t\t\t<\/div>\n\t\t<\/div>\n\t\t\t\t<div class=\"elementor-column elementor-col-50 elementor-top-column elementor-element elementor-element-2a2bac0\" data-id=\"2a2bac0\" data-element_type=\"column\">\n\t\t\t<div class=\"elementor-widget-wrap elementor-element-populated\">\n\t\t\t\t\t\t\t\t<div class=\"elementor-element elementor-element-941ab43 elementor-widget elementor-widget-text-editor\" data-id=\"941ab43\" data-element_type=\"widget\" data-widget_type=\"text-editor.default\">\n\t\t\t\t<div class=\"elementor-widget-container\">\n\t\t\t<style>\/*! elementor - v3.12.1 - 02-04-2023 *\/\n.elementor-widget-text-editor.elementor-drop-cap-view-stacked .elementor-drop-cap{background-color:#69727d;color:#fff}.elementor-widget-text-editor.elementor-drop-cap-view-framed .elementor-drop-cap{color:#69727d;border:3px solid;background-color:transparent}.elementor-widget-text-editor:not(.elementor-drop-cap-view-default) .elementor-drop-cap{margin-top:8px}.elementor-widget-text-editor:not(.elementor-drop-cap-view-default) .elementor-drop-cap-letter{width:1em;height:1em}.elementor-widget-text-editor .elementor-drop-cap{float:left;text-align:center;line-height:1;font-size:50px}.elementor-widget-text-editor .elementor-drop-cap-letter{display:inline-block}<\/style>\t\t\t\t<p>\u00c0 Demain Antropologie d\u2019une foret<br \/>Ann\u00e9e de parution : 2023<br \/>Auteurs : Anne Eliayan et Christian Pic<br \/>Nombre de pages : 142<br \/>Format : 21X21cm<br \/>ISBN : 978-2-490847-37-2<br \/>Prix : 30 \u20ac<br \/>Arles Gallery 8 rue de la Libert\u00e9 13200 Arles<br \/>www.livredition.com <br \/>contact : 06 59 35 57 51 | anne.eliayan@gmail.com<\/p>\t\t\t\t\t\t<\/div>\n\t\t\t\t<\/div>\n\t\t\t\t\t<\/div>\n\t\t<\/div>\n\t\t\t\t\t\t\t<\/div>\n\t\t<\/section>\n\t\t\t\t<section class=\"elementor-section elementor-top-section elementor-element elementor-element-3d8ac7f elementor-section-boxed elementor-section-height-default elementor-section-height-default\" data-id=\"3d8ac7f\" data-element_type=\"section\">\n\t\t\t\t\t\t<div class=\"elementor-container elementor-column-gap-default\">\n\t\t\t\t\t<div class=\"elementor-column elementor-col-100 elementor-top-column elementor-element elementor-element-8c9c394\" data-id=\"8c9c394\" data-element_type=\"column\">\n\t\t\t<div class=\"elementor-widget-wrap elementor-element-populated\">\n\t\t\t\t\t\t\t\t<div class=\"elementor-element elementor-element-b64b2a6 elementor-widget elementor-widget-text-editor\" data-id=\"b64b2a6\" data-element_type=\"widget\" data-widget_type=\"text-editor.default\">\n\t\t\t\t<div class=\"elementor-widget-container\">\n\t\t\t\t\t\t\t<div>\u00c0 demain, anthropologie d&rsquo;une for\u00eat.<\/div><div dir=\"auto\"><p>\u00a0de Anne Eliayan et Christian Pic.<\/p><\/div><div dir=\"auto\">Ce livre est pr\u00e9fac\u00e9 par Bernard Picon Docteur en sociologie directeur de recherche \u00e9m\u00e9rite au CNRS.<\/div><div dir=\"auto\">\u00a0<\/div><div dir=\"auto\">De tout temps les arbres engendrent le myst\u00e8re, une relation fragile entre l&rsquo;homme et l&rsquo;univers. On les consid\u00e8re comme les axes du monde, leurs souches s&rsquo;enfon\u00e7ant au centre de la Terre et leurs plus hautes branches caressant les nuages. Ils portent nos profondes racines historiques et culturelles comme nos fragiles branches oniriques et protectrices.\u00a0<\/div><div dir=\"auto\">\u00a0<\/div><div dir=\"auto\"><p>Au fil de plusieurs observations l&rsquo;une sur une for\u00eat br\u00fbl\u00e9e, le deuxi\u00e8me autour de l\u00e9gendes venues de nombreux pays, une exploration du monde de l&rsquo;infiniment petit des mousses et des lichens, des po\u00e9sies, des photographies.<\/p><\/div><div dir=\"auto\">Tout ceci serait sans fin,<\/div><div dir=\"auto\">Agissons et r\u00eavons, \u00e0 demain.<\/div>\t\t\t\t\t\t<\/div>\n\t\t\t\t<\/div>\n\t\t\t\t\t<\/div>\n\t\t<\/div>\n\t\t\t\t\t\t\t<\/div>\n\t\t<\/section>\n\t\t\t\t\t\t\t<\/div>\n\t\t","protected":false},"excerpt":{"rendered":"<p>\u00c0 Demain \u00c0 Demain Antropologie d\u2019une foretAnn\u00e9e de parution : 2023Auteurs : Anne Eliayan et Christian PicNombre de pages : 142Format : 21X21cmISBN : 978-2-490847-37-2Prix : 30 \u20acArles Gallery 8 rue de la Libert\u00e9 13200 Arleswww.livredition.com contact : 06 59 35 57 51 | anne.eliayan@gmail.com \u00c0 demain, anthropologie d&rsquo;une for\u00eat. \u00a0de Anne Eliayan et Christian&#8230;<\/p>\n","protected":false},"author":1,"featured_media":0,"parent":814,"menu_order":0,"comment_status":"closed","ping_status":"closed","template":"","meta":{"footnotes":""},"class_list":["post-1036","page","type-page","status-publish","hentry"],"_links":{"self":[{"href":"https:\/\/livredition.com\/index.php\/wp-json\/wp\/v2\/pages\/1036","targetHints":{"allow":["GET"]}}],"collection":[{"href":"https:\/\/livredition.com\/index.php\/wp-json\/wp\/v2\/pages"}],"about":[{"href":"https:\/\/livredition.com\/index.php\/wp-json\/wp\/v2\/types\/page"}],"author":[{"embeddable":true,"href":"https:\/\/livredition.com\/index.php\/wp-json\/wp\/v2\/users\/1"}],"replies":[{"embeddable":true,"href":"https:\/\/livredition.com\/index.php\/wp-json\/wp\/v2\/comments?post=1036"}],"version-history":[{"count":22,"href":"https:\/\/livredition.com\/index.php\/wp-json\/wp\/v2\/pages\/1036\/revisions"}],"predecessor-version":[{"id":1267,"href":"https:\/\/livredition.com\/index.php\/wp-json\/wp\/v2\/pages\/1036\/revisions\/1267"}],"up":[{"embeddable":true,"href":"https:\/\/livredition.com\/index.php\/wp-json\/wp\/v2\/pages\/814"}],"wp:attachment":[{"href":"https:\/\/livredition.com\/index.php\/wp-json\/wp\/v2\/media?parent=1036"}],"curies":[{"name":"wp","href":"https:\/\/api.w.org\/{rel}","templated":true}]}}