{"id":1009,"date":"2025-04-25T11:13:14","date_gmt":"2025-04-25T09:13:14","guid":{"rendered":"https:\/\/livredition.com\/?page_id=1009"},"modified":"2025-05-02T13:11:48","modified_gmt":"2025-05-02T11:11:48","slug":"murmures","status":"publish","type":"page","link":"https:\/\/livredition.com\/index.php\/poesie\/murmures\/","title":{"rendered":"Murmures"},"content":{"rendered":"\t\t<div data-elementor-type=\"wp-page\" data-elementor-id=\"1009\" class=\"elementor elementor-1009\">\n\t\t\t\t\t\t\t\t\t<section class=\"elementor-section elementor-top-section elementor-element elementor-element-0a01b12 elementor-section-boxed elementor-section-height-default elementor-section-height-default\" data-id=\"0a01b12\" data-element_type=\"section\">\n\t\t\t\t\t\t<div class=\"elementor-container elementor-column-gap-default\">\n\t\t\t\t\t<div class=\"elementor-column elementor-col-50 elementor-top-column elementor-element elementor-element-d1a69c9\" data-id=\"d1a69c9\" data-element_type=\"column\">\n\t\t\t<div class=\"elementor-widget-wrap elementor-element-populated\">\n\t\t\t\t\t\t\t\t<div class=\"elementor-element elementor-element-2f36521 elementor-widget__width-initial elementor-widget elementor-widget-image\" data-id=\"2f36521\" data-element_type=\"widget\" data-widget_type=\"image.default\">\n\t\t\t\t<div class=\"elementor-widget-container\">\n\t\t\t<style>\/*! elementor - v3.12.1 - 02-04-2023 *\/\n.elementor-widget-image{text-align:center}.elementor-widget-image a{display:inline-block}.elementor-widget-image a img[src$=\".svg\"]{width:48px}.elementor-widget-image img{vertical-align:middle;display:inline-block}<\/style>\t\t\t\t\t\t\t\t\t\t\t\t<img loading=\"lazy\" decoding=\"async\" width=\"1024\" height=\"1024\" src=\"https:\/\/livredition.com\/wp-content\/uploads\/2025\/04\/murmure-1024x1024.jpg\" class=\"attachment-large size-large wp-image-906\" alt=\"\" srcset=\"https:\/\/livredition.com\/wp-content\/uploads\/2025\/04\/murmure-1024x1024.jpg 1024w, https:\/\/livredition.com\/wp-content\/uploads\/2025\/04\/murmure-540x540.jpg 540w, https:\/\/livredition.com\/wp-content\/uploads\/2025\/04\/murmure-100x100.jpg 100w, https:\/\/livredition.com\/wp-content\/uploads\/2025\/04\/murmure-600x600.jpg 600w, https:\/\/livredition.com\/wp-content\/uploads\/2025\/04\/murmure-300x300.jpg 300w, https:\/\/livredition.com\/wp-content\/uploads\/2025\/04\/murmure-150x150.jpg 150w, https:\/\/livredition.com\/wp-content\/uploads\/2025\/04\/murmure-768x768.jpg 768w, https:\/\/livredition.com\/wp-content\/uploads\/2025\/04\/murmure-70x70.jpg 70w, https:\/\/livredition.com\/wp-content\/uploads\/2025\/04\/murmure-310x310.jpg 310w, https:\/\/livredition.com\/wp-content\/uploads\/2025\/04\/murmure-580x580.jpg 580w, https:\/\/livredition.com\/wp-content\/uploads\/2025\/04\/murmure-860x860.jpg 860w, https:\/\/livredition.com\/wp-content\/uploads\/2025\/04\/murmure-1160x1160.jpg 1160w, https:\/\/livredition.com\/wp-content\/uploads\/2025\/04\/murmure.jpg 1200w\" sizes=\"auto, (max-width: 1024px) 100vw, 1024px\" \/>\t\t\t\t\t\t\t\t\t\t\t\t\t\t\t<\/div>\n\t\t\t\t<\/div>\n\t\t\t\t\t<\/div>\n\t\t<\/div>\n\t\t\t\t<div class=\"elementor-column elementor-col-50 elementor-top-column elementor-element elementor-element-a02f8bf\" data-id=\"a02f8bf\" data-element_type=\"column\">\n\t\t\t<div class=\"elementor-widget-wrap elementor-element-populated\">\n\t\t\t\t\t\t\t\t<div class=\"elementor-element elementor-element-97789d0 elementor-widget elementor-widget-heading\" data-id=\"97789d0\" data-element_type=\"widget\" data-widget_type=\"heading.default\">\n\t\t\t\t<div class=\"elementor-widget-container\">\n\t\t\t<style>\/*! elementor - v3.12.1 - 02-04-2023 *\/\n.elementor-heading-title{padding:0;margin:0;line-height:1}.elementor-widget-heading .elementor-heading-title[class*=elementor-size-]>a{color:inherit;font-size:inherit;line-height:inherit}.elementor-widget-heading .elementor-heading-title.elementor-size-small{font-size:15px}.elementor-widget-heading .elementor-heading-title.elementor-size-medium{font-size:19px}.elementor-widget-heading .elementor-heading-title.elementor-size-large{font-size:29px}.elementor-widget-heading .elementor-heading-title.elementor-size-xl{font-size:39px}.elementor-widget-heading .elementor-heading-title.elementor-size-xxl{font-size:59px}<\/style><h2 class=\"elementor-heading-title elementor-size-default\">Murmures<\/h2>\t\t<\/div>\n\t\t\t\t<\/div>\n\t\t\t\t<div class=\"elementor-element elementor-element-aac194b elementor-widget__width-initial elementor-widget elementor-widget-text-editor\" data-id=\"aac194b\" data-element_type=\"widget\" data-widget_type=\"text-editor.default\">\n\t\t\t\t<div class=\"elementor-widget-container\">\n\t\t\t<style>\/*! elementor - v3.12.1 - 02-04-2023 *\/\n.elementor-widget-text-editor.elementor-drop-cap-view-stacked .elementor-drop-cap{background-color:#69727d;color:#fff}.elementor-widget-text-editor.elementor-drop-cap-view-framed .elementor-drop-cap{color:#69727d;border:3px solid;background-color:transparent}.elementor-widget-text-editor:not(.elementor-drop-cap-view-default) .elementor-drop-cap{margin-top:8px}.elementor-widget-text-editor:not(.elementor-drop-cap-view-default) .elementor-drop-cap-letter{width:1em;height:1em}.elementor-widget-text-editor .elementor-drop-cap{float:left;text-align:center;line-height:1;font-size:50px}.elementor-widget-text-editor .elementor-drop-cap-letter{display:inline-block}<\/style>\t\t\t\t<p>Ann\u00e9e de parution : 2024<br \/>Auteurs : Anne Eliayan et Christian Pic<br \/>Nombre de pages : 173<br \/>Format : 21X29,7cm<br \/>ISBN : 978-2-490847-15-0<br \/>Prix : 28 \u20ac<br \/>Arles Gallery 8 rue de la Libert\u00e9 13200 Arles<br \/>www.livredition.com <br \/>contact : 06 59 35 57 51 | anne.eliayan@gmail.com<\/p>\t\t\t\t\t\t<\/div>\n\t\t\t\t<\/div>\n\t\t\t\t\t<\/div>\n\t\t<\/div>\n\t\t\t\t\t\t\t<\/div>\n\t\t<\/section>\n\t\t\t\t<section class=\"elementor-section elementor-top-section elementor-element elementor-element-d5796a5 elementor-section-boxed elementor-section-height-default elementor-section-height-default\" data-id=\"d5796a5\" data-element_type=\"section\">\n\t\t\t\t\t\t<div class=\"elementor-container elementor-column-gap-default\">\n\t\t\t\t\t<div class=\"elementor-column elementor-col-100 elementor-top-column elementor-element elementor-element-07f3fde\" data-id=\"07f3fde\" data-element_type=\"column\">\n\t\t\t<div class=\"elementor-widget-wrap elementor-element-populated\">\n\t\t\t\t\t\t\t\t<div class=\"elementor-element elementor-element-3511b00 elementor-widget elementor-widget-text-editor\" data-id=\"3511b00\" data-element_type=\"widget\" data-widget_type=\"text-editor.default\">\n\t\t\t\t<div class=\"elementor-widget-container\">\n\t\t\t\t\t\t\t<p class=\"MsoNormal\" style=\"text-align: justify;\">Un livre empreint de po\u00e9sie construit comme un cahier d&rsquo;exercices avec 4 variations isoc\u00e8les suivies de 5 trajectoires elliptiques.<\/p><p class=\"MsoNormal\" style=\"text-align: justify;\">Le murmure est un \u00e9v\u00e8nement t\u00e9nu ou une exp\u00e9rience surgissant de fa\u00e7on impr\u00e9visible au cours d\u2019un voyage visuel sonore ou de sensations, finissant par capter totalement l&rsquo;attention de fa\u00e7on obs\u00e9dante.<\/p><p class=\"MsoNormal\" style=\"text-align: justify;\">Le murmure devient alors assourdissant.\u00a0<\/p><p class=\"MsoNormal\" style=\"text-align: justify;\">Le murmure est un secret fragile partag\u00e9 pouvant se renforcer et devenir rumeur ou r\u00e9volution.<\/p><p class=\"MsoNormal\" style=\"text-align: justify;\">Le murmure est un fruit, une fleur, l&rsquo;\u00e9panouissement de la conscience.<\/p><p class=\"MsoNormal\" style=\"text-align: justify;\">Sans l&rsquo;\u00e9tirement du temps le murmure n&rsquo;est pas audible.<\/p><p class=\"MsoNormal\" style=\"text-align: justify;\">Par des po\u00e9sies, des courtes histoires et beaucoup d&rsquo;images ce livre vous emporte loin pour y rencontrer vos propres murmures.<\/p>\t\t\t\t\t\t<\/div>\n\t\t\t\t<\/div>\n\t\t\t\t\t<\/div>\n\t\t<\/div>\n\t\t\t\t\t\t\t<\/div>\n\t\t<\/section>\n\t\t\t\t\t\t\t<\/div>\n\t\t","protected":false},"excerpt":{"rendered":"<p>Murmures Ann\u00e9e de parution : 2024Auteurs : Anne Eliayan et Christian PicNombre de pages : 173Format : 21X29,7cmISBN : 978-2-490847-15-0Prix : 28 \u20acArles Gallery 8 rue de la Libert\u00e9 13200 Arleswww.livredition.com contact : 06 59 35 57 51 | anne.eliayan@gmail.com Un livre empreint de po\u00e9sie construit comme un cahier d&rsquo;exercices avec 4 variations isoc\u00e8les suivies&#8230;<\/p>\n","protected":false},"author":1,"featured_media":0,"parent":151,"menu_order":0,"comment_status":"closed","ping_status":"closed","template":"","meta":{"footnotes":""},"class_list":["post-1009","page","type-page","status-publish","hentry"],"_links":{"self":[{"href":"https:\/\/livredition.com\/index.php\/wp-json\/wp\/v2\/pages\/1009","targetHints":{"allow":["GET"]}}],"collection":[{"href":"https:\/\/livredition.com\/index.php\/wp-json\/wp\/v2\/pages"}],"about":[{"href":"https:\/\/livredition.com\/index.php\/wp-json\/wp\/v2\/types\/page"}],"author":[{"embeddable":true,"href":"https:\/\/livredition.com\/index.php\/wp-json\/wp\/v2\/users\/1"}],"replies":[{"embeddable":true,"href":"https:\/\/livredition.com\/index.php\/wp-json\/wp\/v2\/comments?post=1009"}],"version-history":[{"count":22,"href":"https:\/\/livredition.com\/index.php\/wp-json\/wp\/v2\/pages\/1009\/revisions"}],"predecessor-version":[{"id":1345,"href":"https:\/\/livredition.com\/index.php\/wp-json\/wp\/v2\/pages\/1009\/revisions\/1345"}],"up":[{"embeddable":true,"href":"https:\/\/livredition.com\/index.php\/wp-json\/wp\/v2\/pages\/151"}],"wp:attachment":[{"href":"https:\/\/livredition.com\/index.php\/wp-json\/wp\/v2\/media?parent=1009"}],"curies":[{"name":"wp","href":"https:\/\/api.w.org\/{rel}","templated":true}]}}